{"id":3161,"date":"2021-06-01T08:58:22","date_gmt":"2021-06-01T06:58:22","guid":{"rendered":"http:\/\/web002.gvz.it\/iniettori-per-cera\/"},"modified":"2026-01-19T14:05:40","modified_gmt":"2026-01-19T13:05:40","slug":"injectoras-de-cera-2","status":"publish","type":"page","link":"https:\/\/www.chinetti.it\/es\/iniettori-per-cera\/","title":{"rendered":"Inyectoras de cera"},"content":{"rendered":"<style class=\"custom-css\" type=\"text\/css\">.h2mineight {\nmin-height: 60px\n}<\/style>\n    <link rel=\"icon\" href=\"favicon.jpg\">\n    \n    \n    \n    \n    \n    \n    \n    \n    <script type=\"application\/ld+json\">{\n    \"@context\": \"http:\\\/\\\/schema.org\",\n    \"@type\": \"Organization\",\n    \"name\": \"Chinetti S.n.c. macchine per oreficeria\",\n    \"url\": \"https:\\\/\\\/www.chinetti.it\\\/iniettori-per-cera\\\/\",\n    \"logo\": \"https:\\\/\\\/www.chinetti.it\\\/wp-content\\\/uploads\\\/2021\\\/06\\\/logo_chinetti3.jpg\"\n}<\/script>\n    <meta name=\"theme-color\" content=\"#478ac9\">\n    <meta property=\"og:title\" content=\"Inyectoras de cera\">\n    <meta property=\"og:description\" content=\"Nuestra gama de inyectores de cera es probablemente la m\u00e1s completa disponible en el mercado y puede satisfacer todas las necesidades. Tambi\u00e9n suministramos compresores de aire silenciados y bombas de vac\u00edo.\">\n    <meta property=\"og:type\" content=\"website\">\n    <link rel=\"canonical\" href=\"https:\/\/www.chinetti.it\/iniettori-per-cera\/\">\n  \n  \n    \n    <section class=\"u-clearfix u-palette-1-light-3 u-section-2\" id=\"carousel_444d\">\n      <div class=\"u-clearfix u-sheet u-sheet-1\">\n        <div class=\"u-clearfix u-expanded-width u-layout-wrap u-layout-wrap-1\">\n          <div class=\"u-layout\" style=\"\">\n            <div class=\"u-layout-row\" style=\"\">\n              <div class=\"u-container-style u-layout-cell u-left-cell u-size-60 u-white u-layout-cell-1\">\n                <div class=\"u-container-layout u-valign-top-md u-valign-top-sm u-valign-top-xs u-container-layout-1\">\n                  <h1 class=\"u-custom-font u-font-roboto-condensed u-text u-text-custom-color-2 u-text-1\">INYECTORAS DE CERA<\/h1>\n                  <p class=\"u-text u-text-2\">Nuestra gama de inyectores para cera, junto a una serie de accesorios, es posiblemente la m\u00e1s completa disponible en el mercado, y puede responder a todas las exigencias de inyecci\u00f3n, desde la peque\u00f1a filigrana hasta el gran objeto decorativo, utilizando todos los tipos de cera disponibles en el mercado.<br>Tambi\u00e9n suministramos una serie de bombas de vac\u00edo fiables y silenciosas, imprescindibles en todas aquellas operaciones donde es necesario eliminar el aire para obtener una producci\u00f3n de mejor calidad, como la realizaci\u00f3n del revestimiento de yeso, la inyecci\u00f3n de cera y la colada al vac\u00edo.<br>\n                  <\/p>\n                <\/div>\n              <\/div>\n            <\/div>\n          <\/div>\n        <\/div>\n      <\/div>\n    <\/section>\n    <section class=\"u-clearfix u-palette-1-light-3 u-section-3\" id=\"sec-b595\">\n      <div class=\"u-clearfix u-sheet u-valign-middle-lg u-sheet-1\">\n        <div class=\"u-blog u-expanded-width u-blog-1 u-hidden-visibility\"  data-blog-source-type=\"Custom\" data-blog-source=\"Iniettori per cera\" data-max-items=\"2\" data-site-sorting-prop=\"created\" data-site-sorting-order=\"desc\">\n          <div class=\"u-list-control\"><\/div>\n          <div class=\"u-repeater u-repeater-1\">\n            <div class=\"u-align-left u-blog-post u-container-align-left u-container-style u-repeater-item u-white u-repeater-item-1\">\n              <div class=\"u-container-layout u-similar-container u-container-layout-1\"><a class=\"u-align-center-md u-align-center-sm u-align-center-xs u-blog-control u-image u-image-default u-image-1\" href=\"https:\/\/www.chinetti.it\/es\/iniettori-per-cera\/iniettori-cera\/\">\n                <img decoding=\"async\" alt=\"\" class=\"u-align-center-md u-align-center-sm u-align-center-xs u-blog-control u-image u-image-default u-image-1\" src=\"https:\/\/www.chinetti.it\/wp-content\/uploads\/2026\/01\/1_iniettoricera.jpg\" data-image-width=\"800\" data-image-height=\"650\"><\/a>\n                <h2 class=\"h2mineight u-align-center u-blog-control u-text u-text-1\">\n                  <a class=\"u-post-header-link\" href=\"https:\/\/www.chinetti.it\/es\/iniettori-per-cera\/iniettori-cera\/\">INYECTORAS DE CERA<\/a>\n                <\/h2>\n                <div class=\"u-border-1 u-border-grey-dark-1 u-expanded-width u-line u-line-horizontal u-line-1\"><\/div>\n                <a href=\"https:\/\/www.chinetti.it\/es\/iniettori-per-cera\/iniettori-cera\/\" class=\"u-align-center u-blog-control u-btn u-button-style u-custom-color-2 u-hover-palette-1-base u-btn-1\">Saber m\u00e1s<\/a>\n              <\/div>\n            <\/div>\n            <div class=\"u-align-left u-blog-post u-container-align-left u-container-style u-repeater-item u-white u-repeater-item-2\">\n              <div class=\"u-container-layout u-similar-container u-container-layout-2\"><a class=\"u-align-center-md u-align-center-sm u-align-center-xs u-blog-control u-image u-image-default u-image-2\" href=\"https:\/\/www.chinetti.it\/es\/iniettori-per-cera\/pompe-per-vuoto-e-compressori\/\">\n                <img decoding=\"async\" alt=\"\" class=\"u-align-center-md u-align-center-sm u-align-center-xs u-blog-control u-image u-image-default u-image-2\" src=\"https:\/\/www.chinetti.it\/wp-content\/uploads\/2021\/05\/CPS15.jpg\"><\/a>\n                <h2 class=\"h2mineight u-align-center u-blog-control u-text u-text-2\">\n                  <a class=\"u-post-header-link\" href=\"https:\/\/www.chinetti.it\/es\/iniettori-per-cera\/pompe-per-vuoto-e-compressori\/\">COMPRESORES SILENCIADOS ES BOMBAS DEL VAC\u00cdO<\/a>\n                <\/h2>\n                <div class=\"u-border-1 u-border-grey-dark-1 u-expanded-width u-line u-line-horizontal u-line-2\"><\/div>\n                <a href=\"https:\/\/www.chinetti.it\/es\/iniettori-per-cera\/pompe-per-vuoto-e-compressori\/\" class=\"u-align-center u-blog-control u-btn u-button-style u-custom-color-2 u-hover-palette-1-base u-btn-2\">Saber m\u00e1s<\/a>\n              <\/div>\n            <\/div>\n          <\/div>\n          <div class=\"u-list-control\"><\/div>\n        <\/div>\n      <\/div>\n    <\/section>","protected":false},"excerpt":{"rendered":"<p>INIETTORI PER CERA La nostra gamma di iniettori per cera, unita ad una serie di accessori, \u00e8 probabilmente la pi\u00f9 completa disponibile sul mercato ed \u00e8 in grado di soddisfare tutte le esigenze di iniezione.Forniamo inoltre alcuni modelli di compressori silenziati e una serie di pompe per vuoto affidabili e silenziose, indispensabili in tutte quelle &hellip; <a href=\"https:\/\/www.chinetti.it\/es\/iniettori-per-cera\/\" class=\"more-link\">Continue reading<span class=\"screen-reader-text\"> &#8220;Iniettori per cera&#8221;<\/span><\/a><\/p>","protected":false},"author":1,"featured_media":0,"parent":0,"menu_order":1,"comment_status":"closed","ping_status":"closed","template":"","meta":{"footnotes":""},"class_list":["post-3161","page","type-page","status-publish","hentry"],"_links":{"self":[{"href":"https:\/\/www.chinetti.it\/es\/wp-json\/wp\/v2\/pages\/3161","targetHints":{"allow":["GET"]}}],"collection":[{"href":"https:\/\/www.chinetti.it\/es\/wp-json\/wp\/v2\/pages"}],"about":[{"href":"https:\/\/www.chinetti.it\/es\/wp-json\/wp\/v2\/types\/page"}],"author":[{"embeddable":true,"href":"https:\/\/www.chinetti.it\/es\/wp-json\/wp\/v2\/users\/1"}],"replies":[{"embeddable":true,"href":"https:\/\/www.chinetti.it\/es\/wp-json\/wp\/v2\/comments?post=3161"}],"version-history":[{"count":11,"href":"https:\/\/www.chinetti.it\/es\/wp-json\/wp\/v2\/pages\/3161\/revisions"}],"predecessor-version":[{"id":3996,"href":"https:\/\/www.chinetti.it\/es\/wp-json\/wp\/v2\/pages\/3161\/revisions\/3996"}],"wp:attachment":[{"href":"https:\/\/www.chinetti.it\/es\/wp-json\/wp\/v2\/media?parent=3161"}],"curies":[{"name":"wp","href":"https:\/\/api.w.org\/{rel}","templated":true}]}}