{"id":3165,"date":"2021-06-01T08:58:26","date_gmt":"2021-06-01T06:58:26","guid":{"rendered":"http:\/\/web002.gvz.it\/trattamento-dati\/"},"modified":"2021-06-23T11:11:52","modified_gmt":"2021-06-23T09:11:52","slug":"tratamiento-de-datos-personales","status":"publish","type":"page","link":"https:\/\/www.chinetti.it\/es\/trattamento-dati\/","title":{"rendered":"TRATAMIENTO DE DATOS PERSONALES"},"content":{"rendered":"<section class=\"u-clearfix u-section-2\" id=\"sec-8255\">\n      <div class=\"u-clearfix u-sheet u-sheet-1\">\n        <h1 class=\"u-text u-text-1\">TRATAMIENTO DE DATOS PERSONALES<\/h1>\n        <p class=\"u-text u-text-2\">Informaci\u00f3n proporcionada de conformidad con el art. 13-14 del GDPR (Reglamento general de protecci\u00f3n de datos) 2016\/679<br>Seg\u00fan la legislaci\u00f3n indicada, el tratamiento de los datos se basar\u00e1 en los principios de correcci\u00f3n, licitud, transparencia y protecci\u00f3n de su privacidad y sus derechos.<br>De conformidad con el art\u00edculo 13 del RGPD 2016\/679, por lo tanto, le proporcionamos la siguiente informaci\u00f3n:\n- datos personales adquiridos con fines leg\u00edtimos como resultado de su contacto, como direcci\u00f3n de correo electr\u00f3nico y nombre, apellido, raz\u00f3n social, o lo que ingresar\u00e1 en la solicitud por correo \/ tel\u00e9fono \/ postal enviado a las direcciones en el sitio o mediante la cumplimentaci\u00f3n del formulario \"contactos\" en el mismo se utilizar\u00e1 para brindarle la respuesta a su solicitud.<br>\n          <br>El tratamiento se realizar\u00e1 tanto con herramientas manuales y\/o inform\u00e1ticas y telem\u00e1ticas con l\u00f3gicas organizativas y de tratamiento estrictamente relacionadas con las finalidades mismas y en todo caso de forma que se garantice la seguridad, integridad y confidencialidad de los datos en cumplimiento de las medidas organizativas, f\u00edsicas y l\u00f3gicas previstas en las disposiciones vigentes.<br>\n          <br>Los datos personales adquiridos como consecuencia del contacto se conservar\u00e1n durante el tiempo necesario para dar respuesta a la solicitud, y se eliminar\u00e1n a los 30 d\u00edas, sin perjuicio de las obligaciones contractuales o legales derivadas del posible establecimiento de una relaci\u00f3n comercial.<br>Los datos no se transmitir\u00e1n al extranjero ni a terceros sin su consentimiento expreso.<br>\n          <br>En cualquier momento dentro de los l\u00edmites de la conservaci\u00f3n, puede ejercitar los derechos:<br>- acceso a datos personales;<br>- conocer el origen de los datos;<br>- oponerse al procesamiento cuando sea posible;<br>- presentar una queja ante la autoridad supervisora \u200b\u200b(Garante de Privacidad).&nbsp; &nbsp;<br>\n          <br>En caso de oposici\u00f3n o cancelaci\u00f3n, ya no se podr\u00e1n dar respuestas a lo solicitado.<br>El ejercicio de sus derechos podr\u00e1 realizarse mediante el env\u00edo de una solicitud por escrito que se enviar\u00e1 a la sede de la empresa Chinetti snc en la direcci\u00f3n que figura a continuaci\u00f3n.<br>\n          <br>El controlador de datos es:<br>\n          <br>\n          <span style=\"font-weight: 700;\">CHINETTI <\/span>\n          <span style=\"font-weight: 700;\">s.n.c. Via Alcide De Gasperi, 536 \u2013 21044 Cavaria con Premezzo (Varese)&nbsp;<\/span>\n          <br>\n          <br>en la persona del representante legal pro-tempore con quien puede contactar para ejercer los derechos a que se refiere el art. 12 del RGPD y\/o cualquier aclaraci\u00f3n sobre la protecci\u00f3n de datos personales.\n        <\/p>\n      <\/div>\n    <\/section>\n    <section class=\"u-clearfix u-section-3\" id=\"sec-2827\">\n      <div class=\"u-clearfix u-sheet u-sheet-1\">\n        <h1 class=\"u-text u-text-1\">COOKIE<\/h1>\n        <p class=\"u-text u-text-2\">Este sitio internet no utiliza cookies para almacenar informaci\u00f3n de car\u00e1cter personal, ni sistemas para rastrear usuarios de forma no an\u00f3nima, y no se utilizan cookies de terceros.<\/p>\n      <\/div>\n    <\/section>","protected":false},"excerpt":{"rendered":"<p>TRATTAMENTO DEI DATI PERSONALI Informativa resa ai sensi degli art. 13-14 del GDPR (General Data Protection Regulation) 2016\/679Secondo la normativa indicata, il trattamento dei dati sar\u00e0 improntato ai principi di correttezza, liceit\u00e0, trasparenza e di tutela della sua riservatezza e dei suoi diritti.Ai sensi dell\u2019articolo 13 del GDPR 2016\/679, pertanto, Le forniamo le seguenti informazioni:1) &hellip; <a href=\"https:\/\/www.chinetti.it\/es\/trattamento-dati\/\" class=\"more-link\">Continue reading<span class=\"screen-reader-text\"> &#8220;Trattamento dati&#8221;<\/span><\/a><\/p>","protected":false},"author":1,"featured_media":0,"parent":0,"menu_order":5,"comment_status":"closed","ping_status":"closed","template":"","meta":{"footnotes":""},"class_list":["post-3165","page","type-page","status-publish","hentry"],"_links":{"self":[{"href":"https:\/\/www.chinetti.it\/es\/wp-json\/wp\/v2\/pages\/3165","targetHints":{"allow":["GET"]}}],"collection":[{"href":"https:\/\/www.chinetti.it\/es\/wp-json\/wp\/v2\/pages"}],"about":[{"href":"https:\/\/www.chinetti.it\/es\/wp-json\/wp\/v2\/types\/page"}],"author":[{"embeddable":true,"href":"https:\/\/www.chinetti.it\/es\/wp-json\/wp\/v2\/users\/1"}],"replies":[{"embeddable":true,"href":"https:\/\/www.chinetti.it\/es\/wp-json\/wp\/v2\/comments?post=3165"}],"version-history":[{"count":6,"href":"https:\/\/www.chinetti.it\/es\/wp-json\/wp\/v2\/pages\/3165\/revisions"}],"predecessor-version":[{"id":3584,"href":"https:\/\/www.chinetti.it\/es\/wp-json\/wp\/v2\/pages\/3165\/revisions\/3584"}],"wp:attachment":[{"href":"https:\/\/www.chinetti.it\/es\/wp-json\/wp\/v2\/media?parent=3165"}],"curies":[{"name":"wp","href":"https:\/\/api.w.org\/{rel}","templated":true}]}}