{"id":3167,"date":"2021-06-01T08:58:28","date_gmt":"2021-06-01T06:58:28","guid":{"rendered":"http:\/\/web002.gvz.it\/laminatoi\/"},"modified":"2026-01-19T14:03:32","modified_gmt":"2026-01-19T13:03:32","slug":"laminadores","status":"publish","type":"page","link":"https:\/\/www.chinetti.it\/es\/laminatoi\/","title":{"rendered":"Laminadores"},"content":{"rendered":"<style class=\"custom-css\" type=\"text\/css\">.h2mineight {\nmin-height: 60px\n}<\/style>\n    <link rel=\"icon\" href=\"favicon.jpg\">\n    \n    \n    \n    \n    \n    \n    \n    \n    <script type=\"application\/ld+json\">{\n    \"@context\": \"http:\\\/\\\/schema.org\",\n    \"@type\": \"Organization\",\n    \"name\": \"Chinetti S.n.c. macchine per oreficeria\",\n    \"url\": \"https:\\\/\\\/www.chinetti.it\\\/laminatoi\\\/\",\n    \"logo\": \"https:\\\/\\\/www.chinetti.it\\\/wp-content\\\/uploads\\\/2021\\\/06\\\/logo_chinetti3.jpg\"\n}<\/script>\n    <meta name=\"theme-color\" content=\"#478ac9\">\n    <meta property=\"og:title\" content=\"Laminadores\">\n    <meta property=\"og:description\" content=\"La gama de laminadores es capaz de satisfacer todas las necesidades de laminaci\u00f3n de los talleres peque\u00f1os y medianos. Producimos laminadores manuales o el\u00e9ctricos para chapa o alambre solo o combinados.\">\n    <meta property=\"og:type\" content=\"website\">\n    <link rel=\"canonical\" href=\"https:\/\/www.chinetti.it\/laminatoi\/\">\n  \n  \n    \n    <section class=\"u-clearfix u-palette-1-light-3 u-section-2\" id=\"carousel_444d\">\n      <div class=\"u-clearfix u-sheet u-sheet-1\">\n        <div class=\"u-clearfix u-expanded-width u-layout-wrap u-layout-wrap-1\">\n          <div class=\"u-layout\" style=\"\">\n            <div class=\"u-layout-row\" style=\"\">\n              <div class=\"u-container-style u-layout-cell u-left-cell u-size-30 u-white u-layout-cell-1\">\n                <div class=\"u-container-layout u-valign-bottom-sm u-valign-bottom-xs u-container-layout-1\">\n                  <h1 class=\"u-custom-font u-font-roboto-condensed u-text u-text-custom-color-2 u-text-1\">LAMINADORES<\/h1>\n                  <p class=\"u-text u-text-2\">Nuestros laminadores el\u00e9ctricos de sobremesa, articulada en modelos manuales de motor para banco y en bancada con dimensiones de rodillos de 100, 120 o 160 mm, puede satisfacer todas las exigencias de laminaci\u00f3n para talleres de peque\u00f1as y medianas dimensiones.&nbsp;<br>Adem\u00e1s est\u00e1n disponibles dos modelos de laminadores para aplastar alambres, de rodillos grabados intercambiables para la realizaci\u00f3n de grabados en tiras de metal, y un laminador para ondular alambres de cuatro pasos diferentes.&nbsp;<br>Como primeros en Italia, ya hace 30 a\u00f1os, hemos empezado a construir laminadores manuales con reductor y rodillos laterales intercambiables acanalados para la producci\u00f3n de perfiles medianos-redondos o grabados para rebordeados.<br>La mayor parte del procesamiento mec\u00e1nico necesario para la construcci\u00f3n de nuestros trenes de laminaci\u00f3n se realiza en nuestro taller, para garantizar una calidad duradera y una fiabilidad en el tiempo. \n                  <\/p>\n                <\/div>\n              <\/div>\n              <div class=\"u-container-style u-layout-cell u-right-cell u-size-30 u-white u-layout-cell-2\">\n                <div class=\"u-container-layout u-valign-bottom-sm u-container-layout-2\">\n                  <img decoding=\"async\" src=\"https:\/\/www.chinetti.it\/wp-content\/uploads\/2021\/06\/LM1602.jpg\" alt=\"\" class=\"u-image u-image-contain u-image-default u-image-1\" data-image-width=\"423\" data-image-height=\"600\">\n                  <img decoding=\"async\" src=\"https:\/\/www.chinetti.it\/wp-content\/uploads\/2021\/06\/LF120RR.jpg\" alt=\"\" class=\"u-image u-image-contain u-image-default u-image-2\" data-image-width=\"692\" data-image-height=\"600\">\n                <\/div>\n              <\/div>\n            <\/div>\n          <\/div>\n        <\/div>\n      <\/div>\n    <\/section>\n    <section class=\"u-clearfix u-palette-1-light-3 u-section-3\" id=\"sec-5730\">\n      <div class=\"u-clearfix u-sheet u-valign-middle-lg u-sheet-1\">\n        <div class=\"u-blog u-expanded-width u-blog-1 u-hidden-visibility\"  data-blog-source-type=\"Custom\" data-blog-source=\"Laminatoi\" data-max-items=\"5\" data-site-sorting-prop=\"created\" data-site-sorting-order=\"desc\">\n          <div class=\"u-list-control\"><\/div>\n          <div class=\"u-repeater u-repeater-1\">\n            <div class=\"u-align-left u-blog-post u-container-align-left u-container-style u-repeater-item u-white u-repeater-item-1\">\n              <div class=\"u-container-layout u-similar-container u-container-layout-1\"><a class=\"u-align-center-lg u-align-center-md u-align-center-sm u-align-center-xs u-blog-control u-image u-image-default  u-image-1\" href=\"https:\/\/www.chinetti.it\/es\/laminatoi\/laminatoio-serie-lm\/\">\n                <img decoding=\"async\" alt=\"\" class=\"u-align-center-lg u-align-center-md u-align-center-sm u-align-center-xs u-blog-control u-image u-image-default u-preserve-proportions u-image-1\" src=\"https:\/\/www.chinetti.it\/wp-content\/uploads\/2021\/05\/LM160.jpg\"><\/a>\n                <h2 class=\"h2mineight u-align-center u-blog-control u-text u-text-1\">\n                  <a class=\"u-post-header-link\" href=\"https:\/\/www.chinetti.it\/es\/laminatoi\/laminatoio-serie-lm\/\">LAMINDORES SERIE LM<\/a>\n                <\/h2>\n                <div class=\"u-border-1 u-border-grey-dark-1 u-expanded-width u-line u-line-horizontal u-line-1\"><\/div>\n                <a href=\"https:\/\/www.chinetti.it\/es\/laminatoi\/laminatoio-serie-lm\/\" class=\"u-align-center u-blog-control u-btn u-button-style u-custom-color-2 u-hover-palette-1-base u-btn-1\">Saber m\u00e1s<\/a>\n              <\/div>\n            <\/div>\n            <div class=\"u-align-left u-blog-post u-container-align-left u-container-style u-repeater-item u-white u-repeater-item-2\">\n              <div class=\"u-container-layout u-similar-container u-container-layout-2\"><a class=\"u-align-center-lg u-align-center-md u-align-center-sm u-align-center-xs u-blog-control u-image u-image-default  u-image-2\" href=\"https:\/\/www.chinetti.it\/es\/laminatoi\/laminatoio-a-motore-da-banco\/\">\n                <img decoding=\"async\" alt=\"laminatoio da banco\" class=\"u-align-center-lg u-align-center-md u-align-center-sm u-align-center-xs u-blog-control u-image u-image-default u-preserve-proportions u-image-2\" src=\"https:\/\/www.chinetti.it\/wp-content\/uploads\/2021\/05\/LB120LF.jpg\"><\/a>\n                <h2 class=\"h2mineight u-align-center u-blog-control u-text u-text-2\">\n                  <a class=\"u-post-header-link\" href=\"https:\/\/www.chinetti.it\/es\/laminatoi\/laminatoio-a-motore-da-banco\/\">LAMINADORES A MOTOR SOBREMESA<\/a>\n                <\/h2>\n                <div class=\"u-border-1 u-border-grey-dark-1 u-expanded-width u-line u-line-horizontal u-line-2\"><\/div>\n                <a href=\"https:\/\/www.chinetti.it\/es\/laminatoi\/laminatoio-a-motore-da-banco\/\" class=\"u-align-center u-blog-control u-btn u-button-style u-custom-color-2 u-hover-palette-1-base u-btn-2\">Saber m\u00e1s<\/a>\n              <\/div>\n            <\/div>\n            <div class=\"u-align-left u-blog-post u-container-align-left u-container-style u-repeater-item u-white u-repeater-item-3\">\n              <div class=\"u-container-layout u-similar-container u-container-layout-3\"><a class=\"u-align-center-lg u-align-center-md u-align-center-sm u-align-center-xs u-blog-control u-image u-image-default  u-image-3\" href=\"https:\/\/www.chinetti.it\/es\/laminatoi\/laminatoi-manuali\/\">\n                <img decoding=\"async\" alt=\"\" class=\"u-align-center-lg u-align-center-md u-align-center-sm u-align-center-xs u-blog-control u-image u-image-default u-preserve-proportions u-image-3\" src=\"https:\/\/www.chinetti.it\/wp-content\/uploads\/2026\/01\/2_LF120RR.jpg\" data-image-width=\"310\" data-image-height=\"277\"><\/a>\n                <h2 class=\"h2mineight u-align-center u-blog-control u-text u-text-3\">\n                  <a class=\"u-post-header-link\" href=\"https:\/\/www.chinetti.it\/es\/laminatoi\/laminatoi-manuali\/\">LAMINADORES MANUAL<\/a>\n                <\/h2>\n                <div class=\"u-border-1 u-border-grey-dark-1 u-expanded-width u-line u-line-horizontal u-line-3\"><\/div>\n                <a href=\"https:\/\/www.chinetti.it\/es\/laminatoi\/laminatoi-manuali\/\" class=\"u-align-center u-blog-control u-btn u-button-style u-custom-color-2 u-hover-palette-1-base u-btn-3\">Saber m\u00e1s<\/a>\n              <\/div>\n            <\/div>\n            <div class=\"u-align-left u-blog-post u-container-align-left u-container-style u-repeater-item u-white u-repeater-item-4\">\n              <div class=\"u-container-layout u-similar-container u-container-layout-4\"><a class=\"u-align-center-lg u-align-center-md u-align-center-sm u-align-center-xs u-blog-control u-image u-image-default  u-image-4\" href=\"https:\/\/www.chinetti.it\/es\/laminatoi\/laminatoi-schiacciafilo\/\">\n                <img decoding=\"async\" alt=\"\" class=\"u-align-center-lg u-align-center-md u-align-center-sm u-align-center-xs u-blog-control u-image u-image-default u-preserve-proportions u-image-4\" src=\"https:\/\/www.chinetti.it\/wp-content\/uploads\/2021\/05\/SF60-30M-2.jpg\"><\/a>\n                <h2 class=\"h2mineight u-align-center u-blog-control u-text u-text-4\">\n                  <a class=\"u-post-header-link\" href=\"https:\/\/www.chinetti.it\/es\/laminatoi\/laminatoi-schiacciafilo\/\">LAMINADORES APLASTAHILO<\/a>\n                <\/h2>\n                <div class=\"u-border-1 u-border-grey-dark-1 u-expanded-width u-line u-line-horizontal u-line-4\"><\/div>\n                <a href=\"https:\/\/www.chinetti.it\/es\/laminatoi\/laminatoi-schiacciafilo\/\" class=\"u-align-center u-blog-control u-btn u-button-style u-custom-color-2 u-hover-palette-1-base u-btn-4\">Saber m\u00e1s<\/a>\n              <\/div>\n            <\/div>\n            <div class=\"u-align-left u-blog-post u-container-align-left u-container-style u-repeater-item u-white u-repeater-item-5\">\n              <div class=\"u-container-layout u-similar-container u-container-layout-5\"><a class=\"u-align-center-lg u-align-center-md u-align-center-sm u-align-center-xs u-blog-control u-image u-image-default  u-image-5\" href=\"https:\/\/www.chinetti.it\/es\/laminatoi\/rulli-incisi\/\">\n                <img decoding=\"async\" alt=\"\" class=\"u-align-center-lg u-align-center-md u-align-center-sm u-align-center-xs u-blog-control u-image u-image-default u-preserve-proportions u-image-5\" src=\"https:\/\/www.chinetti.it\/wp-content\/uploads\/2021\/05\/ROULETTES.jpg\"><\/a>\n                <h2 class=\"h2mineight u-align-center u-blog-control u-text u-text-5\">\n                  <a class=\"u-post-header-link\" href=\"https:\/\/www.chinetti.it\/es\/laminatoi\/rulli-incisi\/\">RODILLOS PARA INCISIONES<\/a>\n                <\/h2>\n                <div class=\"u-border-1 u-border-grey-dark-1 u-expanded-width u-line u-line-horizontal u-line-5\"><\/div>\n                <a href=\"https:\/\/www.chinetti.it\/es\/laminatoi\/rulli-incisi\/\" class=\"u-align-center u-blog-control u-btn u-button-style u-custom-color-2 u-hover-palette-1-base u-btn-5\">Saber m\u00e1s<\/a>\n              <\/div>\n            <\/div>\n          <\/div>\n          <div class=\"u-list-control\"><\/div>\n        <\/div>\n      <\/div>\n    <\/section>","protected":false},"excerpt":{"rendered":"<p>LAMINATOI La gamma di laminatoi, articolata su modelli manuali, a motore da banco e su basamento con dimensioni cilindri da 100, 120 o 160 mm \u00e8 in grado di soddisfare tutte le esigenze di laminazione di laboratori di piccole e medie dimensioni.&nbsp;Produciamo inoltre un laminatoio schiaccia-filo a rulli incisi intercambiabili per l\u2019esecuzione di incisioni su &hellip; <a href=\"https:\/\/www.chinetti.it\/es\/laminatoi\/\" class=\"more-link\">Continue reading<span class=\"screen-reader-text\"> &#8220;Laminatoi&#8221;<\/span><\/a><\/p>","protected":false},"author":1,"featured_media":0,"parent":0,"menu_order":7,"comment_status":"closed","ping_status":"closed","template":"","meta":{"footnotes":""},"class_list":["post-3167","page","type-page","status-publish","hentry"],"_links":{"self":[{"href":"https:\/\/www.chinetti.it\/es\/wp-json\/wp\/v2\/pages\/3167","targetHints":{"allow":["GET"]}}],"collection":[{"href":"https:\/\/www.chinetti.it\/es\/wp-json\/wp\/v2\/pages"}],"about":[{"href":"https:\/\/www.chinetti.it\/es\/wp-json\/wp\/v2\/types\/page"}],"author":[{"embeddable":true,"href":"https:\/\/www.chinetti.it\/es\/wp-json\/wp\/v2\/users\/1"}],"replies":[{"embeddable":true,"href":"https:\/\/www.chinetti.it\/es\/wp-json\/wp\/v2\/comments?post=3167"}],"version-history":[{"count":12,"href":"https:\/\/www.chinetti.it\/es\/wp-json\/wp\/v2\/pages\/3167\/revisions"}],"predecessor-version":[{"id":3994,"href":"https:\/\/www.chinetti.it\/es\/wp-json\/wp\/v2\/pages\/3167\/revisions\/3994"}],"wp:attachment":[{"href":"https:\/\/www.chinetti.it\/es\/wp-json\/wp\/v2\/media?parent=3167"}],"curies":[{"name":"wp","href":"https:\/\/api.w.org\/{rel}","templated":true}]}}