{"id":3169,"date":"2021-06-01T08:58:30","date_gmt":"2021-06-01T06:58:30","guid":{"rendered":"http:\/\/web002.gvz.it\/news\/"},"modified":"2021-06-22T08:54:24","modified_gmt":"2021-06-22T06:54:24","slug":"news","status":"publish","type":"page","link":"https:\/\/www.chinetti.it\/es\/news\/","title":{"rendered":"News"},"content":{"rendered":"<section class=\"u-clearfix u-palette-1-light-3 u-section-2\" id=\"sec-6573\">\n      <div class=\"u-clearfix u-sheet u-valign-middle u-sheet-1\">\n        <div class=\"u-container-style u-expanded-width u-group u-white u-group-1\">\n          <div class=\"u-container-layout u-valign-bottom-xs u-container-layout-1\">\n            <h1 class=\"u-text u-text-1\"><b>INYECTOR AUTOMATICO WAX MATIC<\/b>\n            <\/h1>\n            <p class=\"u-align-left-lg u-align-left-md u-align-left-sm u-align-left-xs u-text u-text-2 translation-block\">Inyector autom\u00e1tico con dep\u00f3sito de cera al vac\u00edo e inyecci\u00f3n en molde mediante jeringa.<br>\n\n\u2022 Eliminado el riesgo de burbujas de aire en las inyecciones.<br>\n\u2022 Mordaza neum\u00e1tica autocentrante para un cierre perfecto y uniforme<br>\n\u2022 Bomba de vacio en ciclo<br>\n\u2022 Funciones controladas por PLC industrial con pantalla t\u00e1ctil TFT integrada de 7\u201d 216K colores<br>\n\u2022 Gr\u00e1ficos simples e intuitivos que lo guiar\u00e1n en la creaci\u00f3n de recetas de trabajo.<br>\n\u2022 M\u00e1s productividad con menos costos<br><\/p>\n            <img decoding=\"async\" class=\"u-align-center-lg u-align-center-md u-align-center-sm u-align-center-xs u-image u-image-contain u-image-default u-image-1\" src=\"https:\/\/www.chinetti.it\/wp-content\/uploads\/2021\/06\/IC45WM-2.jpg\" alt=\"\" data-image-width=\"600\" data-image-height=\"600\">\n            <a href=\"\/wp-content\/uploads\/2021\/06\/IniettoriceraWaxMatic.pdf\" class=\"u-active-none u-btn u-button-style u-custom-color-2 u-file-link u-hover-palette-1-base u-btn-1\" target=\"_blank\">DESCARGAR FICHA<\/a><span class=\"u-icon u-icon-circle u-text-palette-1-base u-icon-1\"><svg class=\"u-svg-link\" preserveaspectratio=\"xMidYMin slice\" viewbox=\"0 0 512 512\" style=\"\"><use xmlns:xlink=\"http:\/\/www.w3.org\/1999\/xlink\" xlink:href=\"#svg-440c\"><\/use><\/svg><svg class=\"u-svg-content\" viewbox=\"0 0 512 512\" id=\"svg-440c\"><g><path d=\"m82.581 330.323h-16.517c-22.804 0-41.29-18.486-41.29-41.29 0-13.682 11.092-24.774 24.774-24.774h33.032v66.064z\" fill=\"#bd4150\"><\/path><path d=\"m396.387 0h-305.548l-8.506 16.516v487.484h388.377l16.516-8.516v-404.645z\" fill=\"#eceaec\"><\/path><path d=\"m90.839 470.71v-470.71c-9.121 0-16.516 7.394-16.516 16.516v478.968c0 9.122 7.395 16.516 16.516 16.516h379.871c9.121 0 16.516-7.395 16.516-16.516h-371.613c-13.683 0-24.774-11.092-24.774-24.774z\" fill=\"#dad8db\"><\/path><path d=\"m487.226 89.421c0-4.38-1.74-8.581-4.838-11.679l-72.908-72.905c-3.097-3.097-7.298-4.837-11.678-4.837h-1.415v82.581c0 4.56 3.697 8.258 8.258 8.258h82.581z\" fill=\"#dad8db\"><\/path><path d=\"m305.548 313.807h-256c-2.896 0-5.677-.497-8.261-1.411l-7.954 13.271v104.333c0 13.683 11.092 24.774 24.774 24.774h247.441l16.516-8.839v-115.612c0-9.122-7.394-16.516-16.516-16.516z\" fill=\"#e15f78\"><\/path><path d=\"m41.29 312.396c-9.6-3.413-16.516-12.592-16.516-23.364v148.645c0 13.682 11.092 24.774 24.774 24.774h256c9.121 0 16.516-7.395 16.516-16.516h-256c-13.682 0-24.774-11.092-24.774-24.774z\" fill=\"#db4655\"><\/path><g fill=\"#fff\"><path d=\"m260.452 379.25h-16.21v-15.653h18.323c4.565 0 8.258-3.698 8.258-8.258s-3.694-8.258-8.258-8.258h-26.581c-4.565 0-8.258 3.698-8.258 8.258v65.581c0 4.56 3.694 8.258 8.258 8.258s8.258-3.698 8.258-8.258v-25.153h16.21c4.565 0 8.258-3.698 8.258-8.258s-3.694-8.259-8.258-8.259z\"><\/path><path d=\"m108.992 346.839h-18.395c-2.194 0-4.298.875-5.847 2.427-1.541 1.549-2.406 3.647-2.406 5.831h-.006v66.065c0 4.56 3.694 8.258 8.258 8.258s8.258-3.698 8.258-8.258v-20.482c3.705-.02 7.778-.038 10.137-.038 15.032 0 27.266-12.069 27.266-26.899.001-14.836-12.233-26.904-27.265-26.904zm0 37.286c-2.339 0-6.371.016-10.056.036-.016-3.81-.056-20.806-.056-20.806h10.113c5.831 0 10.75 4.758 10.75 10.387s-4.92 10.383-10.751 10.383z\"><\/path><path d=\"m178.242 347.815h-18.153c-2.194 0-4.298.871-5.847 2.423-1.548 1.552-2.419 3.657-2.411 5.851l.048 31.968c0 8.915.081 32.157.081 32.157.008 2.19.887 4.29 2.444 5.835 1.54 1.532 3.637 2.395 5.815 2.395h.032s13.46-.052 18.669-.141c19.395-.343 33.476-17.238 33.476-40.173-.001-24.114-13.727-40.315-34.154-40.315zm.387 63.971c-2.363.04-6.452.077-10.177.097-.024-7.56-.056-18.375-.056-23.827l-.032-23.726h9.879c16.79 0 17.637 19.823 17.637 23.798-.001 11.626-5.332 23.449-17.251 23.658z\"><\/path>\n<\/g><path d=\"m197.935 279.363c-6.371 0-12.129-3.315-16.177-9.569-6.016-9.282-4.435-19.794 4.331-28.843 8.839-9.129 26.927-17.718 48.694-24.73 6.79-12.798 13.702-27.778 20.161-44.339 3.815-9.786 6.895-18.609 9.363-26.5-10.879-19.944-17.347-38.512-15.629-50.569 1.75-12.234 10.887-19.121 24.468-18.371 4.032.218 13.653 2.323 15.976 17.137 1.774 11.327-1.21 29.637-7.194 50.444 11.323 19.101 26.847 39.56 42.032 55.262 22.952-1.399 42.403.274 52.185 6.177 7.661 4.621 10.669 12.157 8.048 20.153-4.29 13.069-14.653 19.056-27.75 16.004-11.024-2.573-24.685-12.198-38.54-25.56-22.282 1.96-48.508 6.496-71.516 13.262-13.734 24.649-28.581 43.839-41.048 48.605-2.516.965-5 1.437-7.404 1.437zm-2.322-18.544c1.379 2.121 2.137 2.077 2.492 2.036 5.258-.536 14.016-9.613 24.016-24.956-6.613 2.835-12.54 5.907-17.524 9.206-12.5 8.278-9.847 12.367-8.984 13.714zm145.484-45.851c7.056 5.516 13.613 9.286 19.097 10.569 4.282.996 6.484.488 8.306-5.065-2.435-3.694-12.798-5.468-27.403-5.504zm-65.589-50.92c-5.379 15.315-11.96 31.173-19.145 46.036 15.476-3.887 31.79-6.948 47.371-8.891-10.073-11.415-19.807-24.237-28.226-37.145zm-3.976-71.427c-5.863 0-6.169 2.198-6.508 4.52-.863 6.101 1.282 14.778 5.516 24.782 3.734-17.827 2.976-27.258 1.161-29.302-.056 0-.112 0-.169 0z\" fill=\"#e15f78\"><\/path>\n<\/g><\/svg><\/span>\n          <\/div>\n        <\/div>\n        <div class=\"u-container-style u-expanded-width u-group u-shape-rectangle u-white u-group-2\">\n          <div class=\"u-container-layout u-container-layout-2\">\n            <h1 class=\"u-text u-text-3\"><b>GENERADOR DE VAPOR VAP4<\/b>\n              <br>\n            <\/h1>\n            <p class=\"u-text u-text-4\">Generador de vapor con 4 bar de presi\u00f3n, carga manual de agua en el tanque y funci\u00f3n de vapor por medio de una pistola.<br>Equipo de seguridad: doble interruptor de presi\u00f3n y v\u00e1lvula de seguridad.\nControl m\u00ednimo del nivel de agua con calentamiento e indicador de nivel.&nbsp;<br>Caldera de acero inoxidable (capacidad de aproximadamente 3,3 litros - recambio trasero de 2,2 litros).<br>Dimensiones: 250 x 480 x 400H mm<br>Peso: 15 kg - 2200 W. de potencia.&nbsp;\n            <\/p>\n            <img decoding=\"async\" class=\"u-align-center-lg u-align-center-md u-align-center-sm u-align-center-xs u-image u-image-contain u-image-default u-image-2\" src=\"https:\/\/www.chinetti.it\/wp-content\/uploads\/2021\/06\/EGV4.jpg\" alt=\"\" data-image-width=\"600\" data-image-height=\"600\">\n          <\/div>\n        <\/div>\n        <div class=\"u-container-style u-expanded-width u-group u-white u-group-3\">\n          <div class=\"u-container-layout u-container-layout-3\">\n            <h1 class=\"u-text u-text-5\"><b>ASPIRADOR PARA POLVOS DVS3<\/b>\n              <br>\n            <\/h1>\n            <p class=\"u-text u-text-6\">Aspirador de laboratorio para polvos filtrantes de tres etapas: bolsa de microfibra, cartucho de clase M y filtro HEPA en la salida.<br>Ajuste la potencia de succi\u00f3n de 25 a 100% en incrementos de 25%.<br>Conexi\u00f3n micromotor con arranque\/paro autom\u00e1tico.&nbsp;<br>Motor de alta eficiencia y bajo ruido; S\u00f3lo 59 dBA.<br>Limpieza manual o autom\u00e1tica del filtro.<br>Dimensiones: 240 x 310 x 480H mm.<br>Peso: 15 kg - Potencia 900 W.\n            <\/p>\n            <img decoding=\"async\" class=\"u-align-center-lg u-align-center-md u-align-center-sm u-align-center-xs u-image u-image-contain u-image-default u-image-3\" src=\"https:\/\/www.chinetti.it\/wp-content\/uploads\/2021\/06\/DVS3-con-bocchetta.jpg\" alt=\"\" data-image-width=\"600\" data-image-height=\"600\">\n          <\/div>\n        <\/div>\n      <\/div>\n    <\/section>","protected":false},"excerpt":{"rendered":"<p>INIETTORE SOTTOVUOTO WAX MATIC Iniettore automatico con serbatoio della cera sottovuoto e l\u2019iniezione nello stampo mediante siringa.\u2022 Rischio di bolle d\u2019aria nelle iniezioni eliminato\u2022 Morsa pneumatica blocca stampi autocentrante per una chiusura perfetta ed uniforme\u2022 Pompa del vuoto in ciclo\u2022 Funzioni controllate da PLC industriale con touch-screen TFT integrato da 7\u201d a 216K colori\u2022 Una &hellip; <a href=\"https:\/\/www.chinetti.it\/es\/news\/\" class=\"more-link\">Continue reading<span class=\"screen-reader-text\"> &#8220;News&#8221;<\/span><\/a><\/p>","protected":false},"author":1,"featured_media":0,"parent":0,"menu_order":9,"comment_status":"closed","ping_status":"closed","template":"","meta":{"footnotes":""},"class_list":["post-3169","page","type-page","status-publish","hentry"],"_links":{"self":[{"href":"https:\/\/www.chinetti.it\/es\/wp-json\/wp\/v2\/pages\/3169","targetHints":{"allow":["GET"]}}],"collection":[{"href":"https:\/\/www.chinetti.it\/es\/wp-json\/wp\/v2\/pages"}],"about":[{"href":"https:\/\/www.chinetti.it\/es\/wp-json\/wp\/v2\/types\/page"}],"author":[{"embeddable":true,"href":"https:\/\/www.chinetti.it\/es\/wp-json\/wp\/v2\/users\/1"}],"replies":[{"embeddable":true,"href":"https:\/\/www.chinetti.it\/es\/wp-json\/wp\/v2\/comments?post=3169"}],"version-history":[{"count":13,"href":"https:\/\/www.chinetti.it\/es\/wp-json\/wp\/v2\/pages\/3169\/revisions"}],"predecessor-version":[{"id":3533,"href":"https:\/\/www.chinetti.it\/es\/wp-json\/wp\/v2\/pages\/3169\/revisions\/3533"}],"wp:attachment":[{"href":"https:\/\/www.chinetti.it\/es\/wp-json\/wp\/v2\/media?parent=3169"}],"curies":[{"name":"wp","href":"https:\/\/api.w.org\/{rel}","templated":true}]}}