{"id":3170,"date":"2021-06-01T08:58:31","date_gmt":"2021-06-01T06:58:31","guid":{"rendered":"http:\/\/web002.gvz.it\/home\/"},"modified":"2025-10-08T16:06:18","modified_gmt":"2025-10-08T14:06:18","slug":"home","status":"publish","type":"page","link":"https:\/\/www.chinetti.it\/es\/","title":{"rendered":"Home"},"content":{"rendered":"<section class=\"u-carousel u-carousel-duration-1500 u-slide u-block-4103-1\" id=\"carousel-70dd\" data-interval=\"5000\" data-u-ride=\"carousel\" data-pause=\"false\">\n      <ol class=\"u-absolute-hcenter u-carousel-indicators u-block-4103-2\">\n        <li data-u-target=\"#carousel-70dd\" class=\"u-active u-grey-5\" data-u-slide-to=\"0\"><\/li>\n        <li data-u-target=\"#carousel-70dd\" class=\"u-grey-5\" data-u-slide-to=\"1\"><\/li>\n      <\/ol>\n      <div class=\"u-carousel-inner\" role=\"listbox\">\n        <div class=\"u-active u-align-center u-carousel-item u-clearfix u-gradient u-section-2-1\" src=\"\">\n          <div class=\"u-clearfix u-sheet u-sheet-1\">\n            <img decoding=\"async\" class=\"u-align-center u-expanded-width-sm u-expanded-width-xs u-image u-image-contain u-image-1\" src=\"https:\/\/www.chinetti.it\/wp-content\/uploads\/2024\/01\/GVZ4655.png\" data-image-width=\"800\" data-image-height=\"650\" data-animation-out=\"0\">\n            <a href=\"https:\/\/www.chinetti.it\/wp-content\/uploads\/2024\/01\/Depliantinterne_ITSP.pdf\" class=\"u-align-center u-btn u-button-style u-file-link u-palette-3-base u-btn-1\" target=\"_blank\">Saber m\u00e1s<\/a>\n          <\/div>\n        <\/div>\n        <div class=\"u-align-center u-carousel-item u-clearfix u-gradient u-section-2-2\" src=\"\">\n          <div class=\"u-clearfix u-sheet u-sheet-1\">\n            <img decoding=\"async\" class=\"u-align-center u-expanded-width-sm u-expanded-width-xs u-image u-image-contain u-image-1\" src=\"https:\/\/www.chinetti.it\/wp-content\/uploads\/2024\/01\/LM160_Home.png\" data-image-width=\"424\" data-image-height=\"600\" data-animation-out=\"0\">\n            <p class=\"u-custom-font u-heading-font u-text u-text-custom-color-2 u-text-1 translation-block\" data-animation-out=\"0\">Laminadora LM160 por chapa y hilo con variaci\u00f3n de velocidad<br>de 15 a 30 revoluciones por minuto. Tama\u00f1o del rodillo mm 160x90<\/p>\n          <\/div>\n        <\/div>\n      <\/div>\n      <a class=\"u-absolute-vcenter u-carousel-control u-carousel-control-prev u-text-hover-palette-3-base u-text-white u-block-4103-3\" href=\"#carousel-70dd\" role=\"button\" data-u-slide=\"prev\"><span aria-hidden=\"true\">\n          <svg class=\"u-svg-link\" viewbox=\"0 0 477.175 477.175\"><path d=\"M145.188,238.575l215.5-215.5c5.3-5.3,5.3-13.8,0-19.1s-13.8-5.3-19.1,0l-225.1,225.1c-5.3,5.3-5.3,13.8,0,19.1l225.1,225                    c2.6,2.6,6.1,4,9.5,4s6.9-1.3,9.5-4c5.3-5.3,5.3-13.8,0-19.1L145.188,238.575z\"><\/path><\/svg><\/span><span class=\"sr-only\">Previous<\/span>\n      <\/a>\n      <a class=\"u-absolute-vcenter u-carousel-control u-carousel-control-next u-text-hover-palette-3-base u-text-white u-block-4103-4\" href=\"#carousel-70dd\" role=\"button\" data-u-slide=\"next\"><span aria-hidden=\"true\">\n          <svg class=\"u-svg-link\" viewbox=\"0 0 477.175 477.175\"><path d=\"M360.731,229.075l-225.1-225.1c-5.3-5.3-13.8-5.3-19.1,0s-5.3,13.8,0,19.1l215.5,215.5l-215.5,215.5                    c-5.3,5.3-5.3,13.8,0,19.1c2.6,2.6,6.1,4,9.5,4c3.4,0,6.9-1.3,9.5-4l225.1-225.1C365.931,242.875,365.931,234.275,360.731,229.075z\"><\/path><\/svg><\/span><span class=\"sr-only\">Prossimo<\/span>\n      <\/a>\n    <\/section>\n    <section class=\"u-align-center u-clearfix u-container-align-center u-section-3\" id=\"sec-48e9\">\n      <div class=\"u-clearfix u-sheet u-sheet-1\">\n        <h1 class=\"u-text u-text-1\">Bienvenido al sitio web de \"CHINETTI SNC\", fabricante italiano de maquinaria para orfebrer\u00eda. <\/h1>\n        <p class=\"u-text u-text-2\">Desde estas p\u00e1ginas web podr\u00e1 conocer nuestra empresa y la gama de producci\u00f3n, consultar y descargar las p\u00e1ginas de nuestro cat\u00e1logo que le interesen y contactarnos a trav\u00e9s del formulario correspondiente.<br>\n          <br>Fundada hace 60 a\u00f1os por el fundador Luigi Chinetti como un taller mec\u00e1nico dedicado a la producci\u00f3n de diversos tipos de piezas mec\u00e1nicas, CHINETTI snc, a lo largo de los a\u00f1os, se ha especializado en la construcci\u00f3n de ensanchadores de allianzas y peque\u00f1as herramientas manuales antes, laminadores y dispositivos para fundici\u00f3n a la cera perdida como inyectores de cera y vulcanizadores posteriormente.<br>\n          <br>En marzo de 2008 nos trasladamos a una f\u00e1brica m\u00e1s grande y funcional en Cavaria, a 6 km de la sede original en Quinzano, tambi\u00e9n en la provincia de Varese, a solo 40 km al norte de Mil\u00e1n y a pocos minutos en coche del aeropuerto internacional de Mil\u00e1n Malpensa.<br>\n          <br>Estamos permanentemente presentes con una densa red de distribuidores en Italia y en el extranjero: cont\u00e1ctenos y lo dirigiremos al distribuidor m\u00e1s cercano a usted. \n        <\/p>\n      <\/div>\n    <\/section>","protected":false},"excerpt":{"rendered":"<p>scopri di piu&#8217; Laminatoio LM160 per lastra e filo con variazionedella velocit\u00e0 da 15 a 30 giri al minuto. Cilindri da mm 160&#215;90 Previous Prossimo Benvenuti nel sito internet della \u201cCHINETTI SNC\u201d, azienda italiana produttrice di macchine per oreficeria. Da queste pagine web potrete conoscere l\u2019azienda e la gamma di produzione, consultare e scaricare le &hellip; <a href=\"https:\/\/www.chinetti.it\/es\/\" class=\"more-link\">Continue reading<span class=\"screen-reader-text\"> &#8220;Home&#8221;<\/span><\/a><\/p>","protected":false},"author":1,"featured_media":0,"parent":0,"menu_order":10,"comment_status":"closed","ping_status":"closed","template":"","meta":{"footnotes":""},"class_list":["post-3170","page","type-page","status-publish","hentry"],"_links":{"self":[{"href":"https:\/\/www.chinetti.it\/es\/wp-json\/wp\/v2\/pages\/3170","targetHints":{"allow":["GET"]}}],"collection":[{"href":"https:\/\/www.chinetti.it\/es\/wp-json\/wp\/v2\/pages"}],"about":[{"href":"https:\/\/www.chinetti.it\/es\/wp-json\/wp\/v2\/types\/page"}],"author":[{"embeddable":true,"href":"https:\/\/www.chinetti.it\/es\/wp-json\/wp\/v2\/users\/1"}],"replies":[{"embeddable":true,"href":"https:\/\/www.chinetti.it\/es\/wp-json\/wp\/v2\/comments?post=3170"}],"version-history":[{"count":6,"href":"https:\/\/www.chinetti.it\/es\/wp-json\/wp\/v2\/pages\/3170\/revisions"}],"predecessor-version":[{"id":3954,"href":"https:\/\/www.chinetti.it\/es\/wp-json\/wp\/v2\/pages\/3170\/revisions\/3954"}],"wp:attachment":[{"href":"https:\/\/www.chinetti.it\/es\/wp-json\/wp\/v2\/media?parent=3170"}],"curies":[{"name":"wp","href":"https:\/\/api.w.org\/{rel}","templated":true}]}}