{"id":3162,"date":"2021-06-01T08:58:23","date_gmt":"2021-06-01T06:58:23","guid":{"rendered":"http:\/\/web002.gvz.it\/galvanica-e-finitura\/"},"modified":"2026-01-19T14:05:16","modified_gmt":"2026-01-19T13:05:16","slug":"galvanoplastie-et-finition","status":"publish","type":"page","link":"https:\/\/www.chinetti.it\/fr\/galvanica-e-finitura\/","title":{"rendered":"Galvanoplastie et finition"},"content":{"rendered":"<style class=\"custom-css\" type=\"text\/css\">.h2mineight {\nmin-height: 60px\n}<\/style>\n    <link rel=\"icon\" href=\"favicon.jpg\">\n    \n    \n    \n    \n    \n    \n    \n    \n    <script type=\"application\/ld+json\">{\n    \"@context\": \"http:\\\/\\\/schema.org\",\n    \"@type\": \"Organization\",\n    \"name\": \"Chinetti S.n.c. macchine per oreficeria\",\n    \"url\": \"https:\\\/\\\/www.chinetti.it\\\/galvanica-e-finitura\\\/\",\n    \"logo\": \"https:\\\/\\\/www.chinetti.it\\\/wp-content\\\/uploads\\\/2021\\\/06\\\/logo_chinetti3.jpg\"\n}<\/script>\n    <meta name=\"theme-color\" content=\"#478ac9\">\n    <meta property=\"og:title\" content=\"Galvanoplastie et finition\">\n    <meta property=\"og:description\" content=\"Notre offre de machines et \u00e9quipements pour la finition des m\u00e9taux comprend des moteurs polisseuse, des bancs d&#039;aspiration, des sableuses et des appareils galvaniques de moyennes et petites dimensions.\">\n    <meta property=\"og:type\" content=\"website\">\n    <link rel=\"canonical\" href=\"https:\/\/www.chinetti.it\/galvanica-e-finitura\/\">\n  \n  \n    \n    <section class=\"u-clearfix u-palette-1-light-3 u-section-2\" id=\"carousel_444d\">\n      <div class=\"u-clearfix u-sheet u-sheet-1\">\n        <div class=\"u-clearfix u-expanded-width u-layout-wrap u-layout-wrap-1\">\n          <div class=\"u-layout\" style=\"\">\n            <div class=\"u-layout-row\" style=\"\">\n              <div class=\"u-container-style u-layout-cell u-left-cell u-size-60 u-white u-layout-cell-1\">\n                <div class=\"u-container-layout u-container-layout-1\">\n                  <h1 class=\"u-custom-font u-font-roboto-condensed u-text u-text-custom-color-2 u-text-1\">GALVANOPLASTIE ET FINITION<\/h1>\n                  <p class=\"u-align-left-sm u-align-left-xs u-text u-text-2\">Notre offre de machines et d'\u00e9quipements pour la finition des m\u00e9taux comprend des moteurs de polissage de banc et des bancs d'aspiration, des sableuses, des redresseurs galvaniques moyens-petits pour le rhodiage, le placage d'or et de palladium, deux generateurs de vapeurs, un aspirateur de poussieurs, ainsi que des tonneaux magn\u00e9tiques et des produits pour le traitement d'objets pr\u00e9cieux et semi-pr\u00e9cieux.<\/p>\n                <\/div>\n              <\/div>\n            <\/div>\n          <\/div>\n        <\/div>\n      <\/div>\n    <\/section>\n    <section class=\"u-clearfix u-palette-1-light-3 u-section-3\" id=\"Galvanica\">\n      <div class=\"u-clearfix u-sheet u-valign-middle-md u-valign-middle-sm u-valign-middle-xs u-sheet-1\">\n        <div class=\"u-blog u-expanded-width u-blog-1 u-hidden-visibility\"  data-blog-source-type=\"Custom\" data-blog-source=\"Galvanica e finitura\" data-max-items=\"6\" data-site-sorting-prop=\"created\" data-site-sorting-order=\"desc\">\n          <div class=\"u-list-control\"><\/div>\n          <div class=\"u-repeater u-repeater-1\">\n            <div class=\"u-blog-post u-container-style u-repeater-item u-white u-repeater-item-1\">\n              <div class=\"u-container-layout u-similar-container u-valign-bottom-sm u-valign-bottom-xs u-container-layout-1\"><a class=\"u-align-center u-blog-control u-image u-image-default u-image-1\" href=\"https:\/\/www.chinetti.it\/fr\/galvanica-e-finitura\/aspiratore-polveri\/\">\n                <img decoding=\"async\" alt=\"\" class=\"u-align-center u-blog-control u-image u-image-default u-image-1\" src=\"https:\/\/www.chinetti.it\/wp-content\/uploads\/2022\/03\/DVS3_300.jpg\"><\/a>\n                <h2 class=\"h2mineight u-align-center u-blog-control u-text u-text-1\">\n                  <a class=\"u-post-header-link\" href=\"https:\/\/www.chinetti.it\/fr\/galvanica-e-finitura\/aspiratore-polveri\/\">ASPIRATEUR DE POLISSEUSES<\/a>\n                <\/h2>\n                <div class=\"u-border-1 u-border-grey-dark-1 u-expanded-width u-line u-line-horizontal u-line-1\"><\/div>\n                <a href=\"https:\/\/www.chinetti.it\/fr\/galvanica-e-finitura\/aspiratore-polveri\/\" class=\"u-align-center u-blog-control u-btn u-button-style u-custom-color-2 u-hover-palette-1-base u-btn-1\">EN SAVOIR PLUS<\/a>\n              <\/div>\n            <\/div>\n            <div class=\"u-blog-post u-container-style u-repeater-item u-video-cover u-white\">\n              <div class=\"u-container-layout u-similar-container u-valign-bottom-sm u-valign-bottom-xs u-container-layout-2\"><a class=\"u-align-center u-blog-control u-image u-image-default u-image-2\" href=\"https:\/\/www.chinetti.it\/fr\/galvanica-e-finitura\/generatore-di-vapore\/\">\n                <img decoding=\"async\" alt=\"\" class=\"u-align-center u-blog-control u-image u-image-default u-image-2\" src=\"https:\/\/www.chinetti.it\/wp-content\/uploads\/2022\/03\/EGV4_300.jpg\"><\/a>\n                <h2 class=\"h2mineight u-align-center u-blog-control u-text u-text-2\">\n                  <a class=\"u-post-header-link\" href=\"https:\/\/www.chinetti.it\/fr\/galvanica-e-finitura\/generatore-di-vapore\/\">GENERATEURS DE VAPEURS<\/a>\n                <\/h2>\n                <div class=\"u-border-1 u-border-grey-dark-1 u-expanded-width u-line u-line-horizontal u-line-2\"><\/div>\n                <a href=\"https:\/\/www.chinetti.it\/fr\/galvanica-e-finitura\/generatore-di-vapore\/\" class=\"u-align-center u-blog-control u-btn u-button-style u-custom-color-2 u-hover-palette-1-base u-btn-2\">EN SAVOIR PLUS<\/a>\n              <\/div>\n            <\/div>\n            <div class=\"u-blog-post u-container-style u-repeater-item u-video-cover u-white\">\n              <div class=\"u-container-layout u-similar-container u-valign-bottom-sm u-valign-bottom-xs u-container-layout-3\"><a class=\"u-align-center u-blog-control u-image u-image-default u-image-3\" href=\"https:\/\/www.chinetti.it\/fr\/galvanica-e-finitura\/buratti-magnetici\/\">\n                <img decoding=\"async\" alt=\"\" class=\"u-align-center u-blog-control u-image u-image-default u-image-3\" src=\"https:\/\/www.chinetti.it\/wp-content\/uploads\/2021\/05\/BM300-1.jpg\"><\/a>\n                <h2 class=\"h2mineight u-align-center u-blog-control u-text u-text-3\">\n                  <a class=\"u-post-header-link\" href=\"https:\/\/www.chinetti.it\/fr\/galvanica-e-finitura\/buratti-magnetici\/\">Tonneaux magnetiques<\/a>\n                <\/h2>\n                <div class=\"u-border-1 u-border-grey-dark-1 u-expanded-width u-line u-line-horizontal u-line-3\"><\/div>\n                <a href=\"https:\/\/www.chinetti.it\/fr\/galvanica-e-finitura\/buratti-magnetici\/\" class=\"u-align-center u-blog-control u-btn u-button-style u-custom-color-2 u-hover-palette-1-base u-btn-3\">EN SAVOIR PLUS<\/a>\n              <\/div>\n            <\/div>\n            <div class=\"u-blog-post u-container-style u-repeater-item u-video-cover u-white\">\n              <div class=\"u-container-layout u-similar-container u-valign-bottom-sm u-valign-bottom-xs u-container-layout-4\"><a class=\"u-align-center u-blog-control u-image u-image-default u-image-4\" href=\"https:\/\/www.chinetti.it\/fr\/galvanica-e-finitura\/galvanica\/\">\n                <img decoding=\"async\" alt=\"\" class=\"u-align-center u-blog-control u-image u-image-default u-image-4\" src=\"https:\/\/www.chinetti.it\/wp-content\/uploads\/2021\/05\/GLV420-5.jpg\"><\/a>\n                <h2 class=\"h2mineight u-align-center u-blog-control u-text u-text-4\">\n                  <a class=\"u-post-header-link\" href=\"https:\/\/www.chinetti.it\/fr\/galvanica-e-finitura\/galvanica\/\">Redresseurs galvaniques<\/a>\n                <\/h2>\n                <div class=\"u-border-1 u-border-grey-dark-1 u-expanded-width u-line u-line-horizontal u-line-4\"><\/div>\n                <a href=\"https:\/\/www.chinetti.it\/fr\/galvanica-e-finitura\/galvanica\/\" class=\"u-align-center u-blog-control u-btn u-button-style u-custom-color-2 u-hover-palette-1-base u-btn-4\">EN SAVOIR PLUS<\/a>\n              <\/div>\n            <\/div>\n            <div class=\"u-blog-post u-container-style u-repeater-item u-video-cover u-white\">\n              <div class=\"u-container-layout u-similar-container u-valign-bottom-sm u-valign-bottom-xs u-container-layout-5\"><a class=\"u-align-center u-blog-control u-image u-image-default u-image-5\" href=\"https:\/\/www.chinetti.it\/fr\/galvanica-e-finitura\/pulitrici\/\">\n                <img decoding=\"async\" alt=\"\" class=\"u-align-center u-blog-control u-image u-image-default u-image-5\" src=\"https:\/\/www.chinetti.it\/wp-content\/uploads\/2021\/05\/PLT1-1.jpg\" style=\"background-image: url(&quot;https:\/\/www.chinetti.it\/wp-content\/uploads\/2021\/05\/PLT1-1.jpg&quot;);\"><\/a>\n                <h2 class=\"h2mineight u-align-center u-blog-control u-text u-text-5\">\n                  <a class=\"u-post-header-link\" href=\"https:\/\/www.chinetti.it\/fr\/galvanica-e-finitura\/pulitrici\/\">Polisseuse<\/a>\n                <\/h2>\n                <div class=\"u-border-1 u-border-grey-dark-1 u-expanded-width u-line u-line-horizontal u-line-5\"><\/div>\n                <a href=\"https:\/\/www.chinetti.it\/fr\/galvanica-e-finitura\/pulitrici\/\" class=\"u-align-center u-blog-control u-btn u-button-style u-custom-color-2 u-hover-palette-1-base u-btn-5\">EN SAVOIR PLUS<\/a>\n              <\/div>\n            <\/div>\n            <div class=\"u-blog-post u-container-style u-repeater-item u-video-cover u-white\">\n              <div class=\"u-container-layout u-similar-container u-valign-bottom-sm u-valign-bottom-xs u-container-layout-6\"><a class=\"u-align-center u-blog-control u-image u-image-default u-image-6\" href=\"https:\/\/www.chinetti.it\/fr\/galvanica-e-finitura\/sabbiatrice\/\">\n                <img decoding=\"async\" alt=\"\" class=\"u-align-center u-blog-control u-image u-image-default u-image-6\" src=\"https:\/\/www.chinetti.it\/wp-content\/uploads\/2021\/05\/SBT2-1.jpg\" style=\"background-image: url(&quot;https:\/\/www.chinetti.it\/wp-content\/uploads\/2021\/05\/SBT2-1.jpg&quot;);\"><\/a>\n                <h2 class=\"h2mineight u-align-center u-blog-control u-text u-text-6\">\n                  <a class=\"u-post-header-link\" href=\"https:\/\/www.chinetti.it\/fr\/galvanica-e-finitura\/sabbiatrice\/\">Sableuses<\/a>\n                <\/h2>\n                <div class=\"u-border-1 u-border-grey-dark-1 u-expanded-width u-line u-line-horizontal u-line-6\"><\/div>\n                <a href=\"https:\/\/www.chinetti.it\/fr\/galvanica-e-finitura\/sabbiatrice\/\" class=\"u-align-center u-blog-control u-btn u-button-style u-custom-color-2 u-hover-palette-1-base u-btn-6\">EN SAVOIR PLUS<\/a>\n              <\/div>\n            <\/div>\n          <\/div>\n          <div class=\"u-list-control\"><\/div>\n        <\/div>\n      <\/div>\n    <\/section>","protected":false},"excerpt":{"rendered":"<p>GALVANICA E FINITURA La nostra offerta di macchine ed attrezzature per la finitura dei metalli comprende motori pulitrici da banco e banchi aspirazione, sabbiatrici, galvaniche di medio-piccole dimensioni per i trattamenti di rodiatura, doratura e palladiatura, generatori di vapore, un aspiratore polveri nonch\u00e9 buratti magnetici e prodotti per la burattatura di oggetti preziosi e semi-preziosi. &hellip; <a href=\"https:\/\/www.chinetti.it\/fr\/galvanica-e-finitura\/\" class=\"more-link\">Continue reading<span class=\"screen-reader-text\"> &#8220;Galvanica e finitura&#8221;<\/span><\/a><\/p>","protected":false},"author":1,"featured_media":0,"parent":0,"menu_order":2,"comment_status":"closed","ping_status":"closed","template":"","meta":{"footnotes":""},"class_list":["post-3162","page","type-page","status-publish","hentry"],"_links":{"self":[{"href":"https:\/\/www.chinetti.it\/fr\/wp-json\/wp\/v2\/pages\/3162","targetHints":{"allow":["GET"]}}],"collection":[{"href":"https:\/\/www.chinetti.it\/fr\/wp-json\/wp\/v2\/pages"}],"about":[{"href":"https:\/\/www.chinetti.it\/fr\/wp-json\/wp\/v2\/types\/page"}],"author":[{"embeddable":true,"href":"https:\/\/www.chinetti.it\/fr\/wp-json\/wp\/v2\/users\/1"}],"replies":[{"embeddable":true,"href":"https:\/\/www.chinetti.it\/fr\/wp-json\/wp\/v2\/comments?post=3162"}],"version-history":[{"count":6,"href":"https:\/\/www.chinetti.it\/fr\/wp-json\/wp\/v2\/pages\/3162\/revisions"}],"predecessor-version":[{"id":3995,"href":"https:\/\/www.chinetti.it\/fr\/wp-json\/wp\/v2\/pages\/3162\/revisions\/3995"}],"wp:attachment":[{"href":"https:\/\/www.chinetti.it\/fr\/wp-json\/wp\/v2\/media?parent=3162"}],"curies":[{"name":"wp","href":"https:\/\/api.w.org\/{rel}","templated":true}]}}