{"id":3165,"date":"2021-06-01T08:58:26","date_gmt":"2021-06-01T06:58:26","guid":{"rendered":"http:\/\/web002.gvz.it\/trattamento-dati\/"},"modified":"2021-06-23T11:11:52","modified_gmt":"2021-06-23T09:11:52","slug":"traitement-des-donnees-personnelles","status":"publish","type":"page","link":"https:\/\/www.chinetti.it\/fr\/trattamento-dati\/","title":{"rendered":"TRAITEMENT DES DONN\u00c9ES PERSONNELLES"},"content":{"rendered":"<section class=\"u-clearfix u-section-2\" id=\"sec-8255\">\n      <div class=\"u-clearfix u-sheet u-sheet-1\">\n        <h1 class=\"u-text u-text-1\">TRAITEMENT DES DONN\u00c9ES PERSONNELLES<\/h1>\n        <p class=\"u-text u-text-2\">Les informations fournies conform\u00e9ment \u00e0 l'art. 13-14 du RGPD (R\u00e8glement G\u00e9n\u00e9ral sur la Protection des Donn\u00e9es) 2016\/679<br>Conform\u00e9ment \u00e0 la l\u00e9gislation indiqu\u00e9e, le traitement des donn\u00e9es sera bas\u00e9 sur les principes d'exactitude, de l\u00e9galit\u00e9, de transparence et de protection de votre vie priv\u00e9e et de vos droits.<br>Conform\u00e9ment \u00e0 l'article 13 du RGPD 2016\/679, nous vous fournissons donc les informations suivantes :\n- des donn\u00e9es personnelles acquises \u00e0 des fins l\u00e9gitimes \u00e0 la suite de votre contact, telles que adresse e-mail et nom, pr\u00e9nom, raison sociale, ou ce que vous saisirez dans la demande par courrier\/t\u00e9l\u00e9phone\/poste envoy\u00e9 aux adresses figurant sur le site ou en remplissant le formulaire \u201ccontacts\u201d qui s'y trouve seront utilis\u00e9s pour vous apporter la r\u00e9ponse \u00e0 votre demande.<br>\n          <br>Le traitement sera effectu\u00e9 \u00e0 la fois avec des outils manuels et\/ou informatiques et t\u00e9l\u00e9matiques avec des logiques d'organisation et de traitement strictement li\u00e9es aux finalit\u00e9s elles-m\u00eames et en tout \u00e9tat de cause de mani\u00e8re \u00e0 garantir la s\u00e9curit\u00e9, l'int\u00e9grit\u00e9 et la confidentialit\u00e9 des donn\u00e9es conform\u00e9ment aux les mesures organisationnelles, physiques et logiques pr\u00e9vues par les dispositions en vigueur.<br>\n          <br>Les donn\u00e9es personnelles acquises \u00e0 la suite du contact seront conserv\u00e9es pendant la dur\u00e9e n\u00e9cessaire pour r\u00e9pondre \u00e0 la demande, et supprim\u00e9es apr\u00e8s 30 jours, sans pr\u00e9judice des obligations contractuelles ou l\u00e9gales r\u00e9sultant de l'\u00e9tablissement \u00e9ventuel d'une relation commerciale.<br>Les donn\u00e9es ne seront pas transmises \u00e0 l'\u00e9tranger ou \u00e0 des tiers sans votre consentement explicite.<br>\n          <br>A tout moment dans les limites de la conservation, vous pouvez exercer les droit:<br>- l'acc\u00e8s aux donn\u00e9es personnelles ;<br>- conna\u00eetre l'origine des donn\u00e9es ;<br>- s'opposer au traitement dans la mesure du possible ;<br>- d'introduire une r\u00e9clamation aupr\u00e8s de l'autorit\u00e9 de contr\u00f4le (Privacy Guarantor).&nbsp; &nbsp;<br>\n          <br>En cas d'opposition ou d'annulation, les r\u00e9ponses \u00e0 ce qui a \u00e9t\u00e9 demand\u00e9 ne peuvent plus \u00eatre fournies.<br>L'exercice de vos droits peut s'effectuer en adressant une demande \u00e9crite \u00e0 adresser au si\u00e8ge social de la soci\u00e9t\u00e9 Chinetti snc \u00e0 l'adresse ci-dessous.<br>\n          <br>Le responsable du traitement est:<br>\n          <br>\n          <span style=\"font-weight: 700;\">CHINETTI <\/span>\n          <span style=\"font-weight: 700;\">s.n.c. Via Alcide De Gasperi, 536 \u2013 21044 Cavaria con Premezzo (Varese)&nbsp;<\/span>\n          <br>\n          <br>en la personne du repr\u00e9sentant l\u00e9gal pro-tempore auquel vous pouvez vous adresser pour exercer les droits vis\u00e9s \u00e0 l'art. 12 du RGPD et\/ou pour toute clarification concernant la protection des donn\u00e9es personnelles.\n        <\/p>\n      <\/div>\n    <\/section>\n    <section class=\"u-clearfix u-section-3\" id=\"sec-2827\">\n      <div class=\"u-clearfix u-sheet u-sheet-1\">\n        <h1 class=\"u-text u-text-1\">COOKIE<\/h1>\n        <p class=\"u-text u-text-2\">Ce site internet n'utilise pas de cookies pour stocker des informations \u00e0 caract\u00e8re personnel, ni de syst\u00e8mes de suivi des utilisateurs sous une forme non anonyme, et aucun cookie tiers n'est utilis\u00e9.<\/p>\n      <\/div>\n    <\/section>","protected":false},"excerpt":{"rendered":"<p>TRATTAMENTO DEI DATI PERSONALI Informativa resa ai sensi degli art. 13-14 del GDPR (General Data Protection Regulation) 2016\/679Secondo la normativa indicata, il trattamento dei dati sar\u00e0 improntato ai principi di correttezza, liceit\u00e0, trasparenza e di tutela della sua riservatezza e dei suoi diritti.Ai sensi dell\u2019articolo 13 del GDPR 2016\/679, pertanto, Le forniamo le seguenti informazioni:1) &hellip; <a href=\"https:\/\/www.chinetti.it\/fr\/trattamento-dati\/\" class=\"more-link\">Continue reading<span class=\"screen-reader-text\"> &#8220;Trattamento dati&#8221;<\/span><\/a><\/p>","protected":false},"author":1,"featured_media":0,"parent":0,"menu_order":5,"comment_status":"closed","ping_status":"closed","template":"","meta":{"footnotes":""},"class_list":["post-3165","page","type-page","status-publish","hentry"],"_links":{"self":[{"href":"https:\/\/www.chinetti.it\/fr\/wp-json\/wp\/v2\/pages\/3165","targetHints":{"allow":["GET"]}}],"collection":[{"href":"https:\/\/www.chinetti.it\/fr\/wp-json\/wp\/v2\/pages"}],"about":[{"href":"https:\/\/www.chinetti.it\/fr\/wp-json\/wp\/v2\/types\/page"}],"author":[{"embeddable":true,"href":"https:\/\/www.chinetti.it\/fr\/wp-json\/wp\/v2\/users\/1"}],"replies":[{"embeddable":true,"href":"https:\/\/www.chinetti.it\/fr\/wp-json\/wp\/v2\/comments?post=3165"}],"version-history":[{"count":6,"href":"https:\/\/www.chinetti.it\/fr\/wp-json\/wp\/v2\/pages\/3165\/revisions"}],"predecessor-version":[{"id":3584,"href":"https:\/\/www.chinetti.it\/fr\/wp-json\/wp\/v2\/pages\/3165\/revisions\/3584"}],"wp:attachment":[{"href":"https:\/\/www.chinetti.it\/fr\/wp-json\/wp\/v2\/media?parent=3165"}],"curies":[{"name":"wp","href":"https:\/\/api.w.org\/{rel}","templated":true}]}}