{"id":3170,"date":"2021-06-01T08:58:31","date_gmt":"2021-06-01T06:58:31","guid":{"rendered":"http:\/\/web002.gvz.it\/home\/"},"modified":"2025-10-08T16:06:18","modified_gmt":"2025-10-08T14:06:18","slug":"home","status":"publish","type":"page","link":"https:\/\/www.chinetti.it\/fr\/","title":{"rendered":"Home"},"content":{"rendered":"<section class=\"u-carousel u-carousel-duration-1500 u-slide u-block-4103-1\" id=\"carousel-70dd\" data-interval=\"5000\" data-u-ride=\"carousel\" data-pause=\"false\">\n      <ol class=\"u-absolute-hcenter u-carousel-indicators u-block-4103-2\">\n        <li data-u-target=\"#carousel-70dd\" class=\"u-active u-grey-5\" data-u-slide-to=\"0\"><\/li>\n        <li data-u-target=\"#carousel-70dd\" class=\"u-grey-5\" data-u-slide-to=\"1\"><\/li>\n      <\/ol>\n      <div class=\"u-carousel-inner\" role=\"listbox\">\n        <div class=\"u-active u-align-center u-carousel-item u-clearfix u-gradient u-section-2-1\" src=\"\">\n          <div class=\"u-clearfix u-sheet u-sheet-1\">\n            <img decoding=\"async\" class=\"u-align-center u-expanded-width-sm u-expanded-width-xs u-image u-image-contain u-image-1\" src=\"https:\/\/www.chinetti.it\/wp-content\/uploads\/2024\/01\/GVZ4655.png\" data-image-width=\"800\" data-image-height=\"650\" data-animation-out=\"0\">\n            <a href=\"https:\/\/www.chinetti.it\/wp-content\/uploads\/2024\/01\/Depliant-interne_EN-FR.pdf\" class=\"u-align-center u-btn u-button-style u-file-link u-palette-3-base u-btn-1\" target=\"_blank\">EN SAVOIR PLUS<\/a>\n          <\/div>\n        <\/div>\n        <div class=\"u-align-center u-carousel-item u-clearfix u-gradient u-section-2-2\" src=\"\">\n          <div class=\"u-clearfix u-sheet u-sheet-1\">\n            <img decoding=\"async\" class=\"u-align-center u-expanded-width-sm u-expanded-width-xs u-image u-image-contain u-image-1\" src=\"https:\/\/www.chinetti.it\/wp-content\/uploads\/2024\/01\/LM160_Home.png\" data-image-width=\"424\" data-image-height=\"600\" data-animation-out=\"0\">\n            <p class=\"u-custom-font u-heading-font u-text u-text-custom-color-2 u-text-1 translation-block\" data-animation-out=\"0\">Laminoir LM160 pour plaque et fil avec variation de vitesse<br>de 15 a 30 tours\/minute. Dimensions des rouleaux mm 160x90<\/p>\n          <\/div>\n        <\/div>\n      <\/div>\n      <a class=\"u-absolute-vcenter u-carousel-control u-carousel-control-prev u-text-hover-palette-3-base u-text-white u-block-4103-3\" href=\"#carousel-70dd\" role=\"button\" data-u-slide=\"prev\"><span aria-hidden=\"true\">\n          <svg class=\"u-svg-link\" viewbox=\"0 0 477.175 477.175\"><path d=\"M145.188,238.575l215.5-215.5c5.3-5.3,5.3-13.8,0-19.1s-13.8-5.3-19.1,0l-225.1,225.1c-5.3,5.3-5.3,13.8,0,19.1l225.1,225                    c2.6,2.6,6.1,4,9.5,4s6.9-1.3,9.5-4c5.3-5.3,5.3-13.8,0-19.1L145.188,238.575z\"><\/path><\/svg><\/span><span class=\"sr-only\">Previous<\/span>\n      <\/a>\n      <a class=\"u-absolute-vcenter u-carousel-control u-carousel-control-next u-text-hover-palette-3-base u-text-white u-block-4103-4\" href=\"#carousel-70dd\" role=\"button\" data-u-slide=\"next\"><span aria-hidden=\"true\">\n          <svg class=\"u-svg-link\" viewbox=\"0 0 477.175 477.175\"><path d=\"M360.731,229.075l-225.1-225.1c-5.3-5.3-13.8-5.3-19.1,0s-5.3,13.8,0,19.1l215.5,215.5l-215.5,215.5                    c-5.3,5.3-5.3,13.8,0,19.1c2.6,2.6,6.1,4,9.5,4c3.4,0,6.9-1.3,9.5-4l225.1-225.1C365.931,242.875,365.931,234.275,360.731,229.075z\"><\/path><\/svg><\/span><span class=\"sr-only\">Prossimo<\/span>\n      <\/a>\n    <\/section>\n    <section class=\"u-align-center u-clearfix u-container-align-center u-section-3\" id=\"sec-48e9\">\n      <div class=\"u-clearfix u-sheet u-sheet-1\">\n        <h1 class=\"u-text u-text-1\">Bienvenue sur le site de \"CHINETTI SNC\", un fabricant italien de machines pour orf\u00e8vres. <\/h1>\n        <p class=\"u-text u-text-2\">\u00c0 partir de ces pages Web, vous pourrez conna\u00eetre l\u2019entreprise et la gamme de production, consulter et t\u00e9l\u00e9charger les pages de notre catalogue qui vous int\u00e9ressent et nous contacter \u00e0 l\u2019aide du formulaire pr\u00e9vu \u00e0 cet effet.<br>\n          <br>N\u00e9e, il y a plus de 60 ans, gr\u00e2ce \u00e0 son fondateur Luigi Chinetti, comme usine m\u00e9canique consacr\u00e9 \u00e0 la production de diff\u00e9rentes typologies de pi\u00e8ces m\u00e9caniques, l\u2019entreprise CHINETTI SNC s\u2019est sp\u00e9cialis\u00e9e, au fil du temps, dans la construction d\u2019outillage de mise \u00e0 grandeur d\u2019alliances et de petits outils manuels en premier lieu et de laminoirs et appareils pour la microfusion tels qu\u2019injecteurs de cire et vulcanisateurs par la suite.<br>\n          <br>En mars 2008 nous nous sommes d\u00e9plac\u00e9s dans une usine plus grande et plus fonctionnelle \u00e0 Cavaria, \u00e0 6 km de notre si\u00e8ge originaire de Quinzano, toujours en province de Varese, \u00e0 seuls 40 km au nord de Milan et \u00e0 quelques minutes de l\u2019a\u00e9roport international de Milano Malpensa.<br>\n          <br>Nous sommes solidement implant\u00e9s avec un dense r\u00e9seau d\u2019importateurs dans plusieurs pays: contactez-nous et nous vous adresserons \u00e0 notre revendeur le plus proche. \n        <\/p>\n      <\/div>\n    <\/section>","protected":false},"excerpt":{"rendered":"<p>scopri di piu&#8217; Laminatoio LM160 per lastra e filo con variazionedella velocit\u00e0 da 15 a 30 giri al minuto. Cilindri da mm 160&#215;90 Previous Prossimo Benvenuti nel sito internet della \u201cCHINETTI SNC\u201d, azienda italiana produttrice di macchine per oreficeria. Da queste pagine web potrete conoscere l\u2019azienda e la gamma di produzione, consultare e scaricare le &hellip; <a href=\"https:\/\/www.chinetti.it\/fr\/\" class=\"more-link\">Continue reading<span class=\"screen-reader-text\"> &#8220;Home&#8221;<\/span><\/a><\/p>","protected":false},"author":1,"featured_media":0,"parent":0,"menu_order":10,"comment_status":"closed","ping_status":"closed","template":"","meta":{"footnotes":""},"class_list":["post-3170","page","type-page","status-publish","hentry"],"_links":{"self":[{"href":"https:\/\/www.chinetti.it\/fr\/wp-json\/wp\/v2\/pages\/3170","targetHints":{"allow":["GET"]}}],"collection":[{"href":"https:\/\/www.chinetti.it\/fr\/wp-json\/wp\/v2\/pages"}],"about":[{"href":"https:\/\/www.chinetti.it\/fr\/wp-json\/wp\/v2\/types\/page"}],"author":[{"embeddable":true,"href":"https:\/\/www.chinetti.it\/fr\/wp-json\/wp\/v2\/users\/1"}],"replies":[{"embeddable":true,"href":"https:\/\/www.chinetti.it\/fr\/wp-json\/wp\/v2\/comments?post=3170"}],"version-history":[{"count":6,"href":"https:\/\/www.chinetti.it\/fr\/wp-json\/wp\/v2\/pages\/3170\/revisions"}],"predecessor-version":[{"id":3954,"href":"https:\/\/www.chinetti.it\/fr\/wp-json\/wp\/v2\/pages\/3170\/revisions\/3954"}],"wp:attachment":[{"href":"https:\/\/www.chinetti.it\/fr\/wp-json\/wp\/v2\/media?parent=3170"}],"curies":[{"name":"wp","href":"https:\/\/api.w.org\/{rel}","templated":true}]}}