{"id":3172,"date":"2021-06-01T08:58:33","date_gmt":"2021-06-01T06:58:33","guid":{"rendered":"http:\/\/web002.gvz.it\/vulcanizzazione-gomme\/"},"modified":"2026-01-19T14:07:07","modified_gmt":"2026-01-19T13:07:07","slug":"vaulcanisations","status":"publish","type":"page","link":"https:\/\/www.chinetti.it\/fr\/vulcanizzazione-gomme\/","title":{"rendered":"Vulcanisation"},"content":{"rendered":"<style class=\"custom-css\" type=\"text\/css\">.h2mineight {\nmin-height: 60px\n}<\/style>\n    <link rel=\"icon\" href=\"favicon.jpg\">\n    \n    \n    \n    \n    \n    \n    \n    \n    <script type=\"application\/ld+json\">{\n    \"@context\": \"http:\\\/\\\/schema.org\",\n    \"@type\": \"Organization\",\n    \"name\": \"Chinetti S.n.c. macchine per oreficeria\",\n    \"url\": \"https:\\\/\\\/www.chinetti.it\\\/vulcanizzazione-gomme\\\/\",\n    \"logo\": \"https:\\\/\\\/www.chinetti.it\\\/wp-content\\\/uploads\\\/2021\\\/06\\\/logo_chinetti3.jpg\"\n}<\/script>\n    <meta name=\"theme-color\" content=\"#478ac9\">\n    <meta property=\"og:title\" content=\"Vulcanisation\">\n    <meta property=\"og:description\" content=\"Une gamme complete de vulcanisateurs pour produire moules en silicone et caoutchouc.\">\n    <meta property=\"og:type\" content=\"website\">\n    <link rel=\"canonical\" href=\"https:\/\/www.chinetti.it\/vulcanizzazione-gomme\/\">\n  \n  \n    \n    <section class=\"u-clearfix u-palette-1-light-3 u-section-2\" id=\"carousel_444d\">\n      <div class=\"u-clearfix u-sheet u-sheet-1\">\n        <div class=\"u-clearfix u-expanded-width u-layout-wrap u-layout-wrap-1\">\n          <div class=\"u-layout\" style=\"\">\n            <div class=\"u-layout-row\" style=\"\">\n              <div class=\"u-container-style u-layout-cell u-left-cell u-size-60 u-white u-layout-cell-1\">\n                <div class=\"u-container-layout u-container-layout-1\">\n                  <h1 class=\"u-custom-font u-font-roboto-condensed u-text u-text-custom-color-2 u-text-1\">VULCANISATIONS<\/h1>\n                  <p class=\"u-text u-text-2\">La gamme des presses de vulcanisation pour la production de matrices pour l\u2019injection est divis\u00e9 en trois mod\u00e8les, adapt\u00e9s \u00e0 la fois au silicone et au caoutchouc organique (NBR).\nEn haute de gamme il-y-a le mod\u00e9l VULCANAIR250 \u00e0 commande pneumatique avec contr\u00f4le num\u00e9rique s\u00e9par\u00e9 de la temp\u00e9rature sur les deux plaques chauffantes, minuterie num\u00e9rique, r\u00e9glage de la pression de serrage et de la vitesse de d\u00e9placement de la plaque inf\u00e9rieure.<\/p>\n                <\/div>\n              <\/div>\n            <\/div>\n          <\/div>\n        <\/div>\n      <\/div>\n    <\/section>\n    <section class=\"u-clearfix u-palette-1-light-3 u-section-3\" id=\"sec-b00b\">\n      <div class=\"u-clearfix u-sheet u-valign-middle-lg u-valign-middle-md u-valign-middle-sm u-valign-middle-xs u-sheet-1\">\n        <div class=\"u-blog u-expanded-width u-blog-1 u-hidden-visibility\"  data-blog-source-type=\"Custom\" data-blog-source=\"Vulcanizzazione gomme\" data-max-items=\"2\" data-site-sorting-prop=\"created\" data-site-sorting-order=\"desc\">\n          <div class=\"u-list-control\"><\/div>\n          <div class=\"u-repeater u-repeater-1\">\n            <div class=\"u-align-left u-blog-post u-container-align-left u-container-style u-repeater-item u-white u-repeater-item-1\">\n              <div class=\"u-container-layout u-similar-container u-container-layout-1\"><a class=\"u-align-center-lg u-align-center-md u-align-center-sm u-align-center-xs u-blog-control u-image u-image-default  u-image-1\" href=\"https:\/\/www.chinetti.it\/fr\/vulcanizzazione-gomme\/vulcanizzatori\/\">\n                <img decoding=\"async\" alt=\"\" class=\"u-align-center-lg u-align-center-md u-align-center-sm u-align-center-xs u-blog-control u-image u-image-default u-preserve-proportions u-image-1\" src=\"https:\/\/www.chinetti.it\/wp-content\/uploads\/2021\/05\/VU250PN-2.jpg\"><\/a>\n                <h2 class=\"h2mineight u-align-center u-blog-control u-text u-text-1\">\n                  <a class=\"u-post-header-link\" href=\"https:\/\/www.chinetti.it\/fr\/vulcanizzazione-gomme\/vulcanizzatori\/\">Vulcanisater<\/a>\n                <\/h2>\n                <div class=\"u-border-1 u-border-grey-dark-1 u-expanded-width u-line u-line-horizontal u-line-1\"><\/div>\n                <a href=\"https:\/\/www.chinetti.it\/fr\/vulcanizzazione-gomme\/vulcanizzatori\/\" class=\"u-align-center u-blog-control u-btn u-button-style u-custom-color-2 u-hover-palette-1-base u-btn-1\">EN SAVOIR PLUS<\/a>\n              <\/div>\n            <\/div>\n            <div class=\"u-align-left u-blog-post u-container-align-left u-container-style u-repeater-item u-white u-repeater-item-2\">\n              <div class=\"u-container-layout u-similar-container u-container-layout-2\"><a class=\"u-align-center-lg u-align-center-md u-align-center-sm u-align-center-xs u-blog-control u-image u-image-default  u-image-2\" href=\"https:\/\/www.chinetti.it\/fr\/vulcanizzazione-gomme\/staffe-per-gomme\/\">\n                <img decoding=\"async\" alt=\"\" class=\"u-align-center-lg u-align-center-md u-align-center-sm u-align-center-xs u-blog-control u-image u-image-default u-preserve-proportions u-image-2\" src=\"https:\/\/www.chinetti.it\/wp-content\/uploads\/2021\/05\/sts.jpg\"><\/a>\n                <h2 class=\"h2mineight u-align-center u-blog-control u-text u-text-2\">\n                  <a class=\"u-post-header-link\" href=\"https:\/\/www.chinetti.it\/fr\/vulcanizzazione-gomme\/staffe-per-gomme\/\">Cadres de moulage<\/a>\n                <\/h2>\n                <div class=\"u-border-1 u-border-grey-dark-1 u-expanded-width u-line u-line-horizontal u-line-2\"><\/div>\n                <a href=\"https:\/\/www.chinetti.it\/fr\/vulcanizzazione-gomme\/staffe-per-gomme\/\" class=\"u-align-center u-blog-control u-btn u-button-style u-custom-color-2 u-hover-palette-1-base u-btn-2\">EN SAVOIR PLUS<\/a>\n              <\/div>\n            <\/div>\n          <\/div>\n          <div class=\"u-list-control\"><\/div>\n        <\/div>\n      <\/div>\n    <\/section>","protected":false},"excerpt":{"rendered":"<p>VULCANIZZAZIONE GOMME La gamma di presse vulcanizzatrici per la realizzazione di matrici in gomma si articola su tre modelli, adatti sia al silicone che alla gomma organica (NBR). Al top troviamo il modello VULCANAIR250 a funzionamento pneumatico con controllo digitale della temperatura separato sulle due piastre scaldanti, temporizzatore digitale, regolazione della pressione di serraggio e &hellip; <a href=\"https:\/\/www.chinetti.it\/fr\/vulcanizzazione-gomme\/\" class=\"more-link\">Continue reading<span class=\"screen-reader-text\"> &#8220;Vulcanizzazione gomme&#8221;<\/span><\/a><\/p>","protected":false},"author":1,"featured_media":0,"parent":0,"menu_order":12,"comment_status":"closed","ping_status":"closed","template":"","meta":{"footnotes":""},"class_list":["post-3172","page","type-page","status-publish","hentry"],"_links":{"self":[{"href":"https:\/\/www.chinetti.it\/fr\/wp-json\/wp\/v2\/pages\/3172","targetHints":{"allow":["GET"]}}],"collection":[{"href":"https:\/\/www.chinetti.it\/fr\/wp-json\/wp\/v2\/pages"}],"about":[{"href":"https:\/\/www.chinetti.it\/fr\/wp-json\/wp\/v2\/types\/page"}],"author":[{"embeddable":true,"href":"https:\/\/www.chinetti.it\/fr\/wp-json\/wp\/v2\/users\/1"}],"replies":[{"embeddable":true,"href":"https:\/\/www.chinetti.it\/fr\/wp-json\/wp\/v2\/comments?post=3172"}],"version-history":[{"count":7,"href":"https:\/\/www.chinetti.it\/fr\/wp-json\/wp\/v2\/pages\/3172\/revisions"}],"predecessor-version":[{"id":3999,"href":"https:\/\/www.chinetti.it\/fr\/wp-json\/wp\/v2\/pages\/3172\/revisions\/3999"}],"wp:attachment":[{"href":"https:\/\/www.chinetti.it\/fr\/wp-json\/wp\/v2\/media?parent=3172"}],"curies":[{"name":"wp","href":"https:\/\/api.w.org\/{rel}","templated":true}]}}