{"id":3167,"date":"2021-06-01T08:58:28","date_gmt":"2021-06-01T06:58:28","guid":{"rendered":"http:\/\/web002.gvz.it\/laminatoi\/"},"modified":"2026-01-19T14:03:32","modified_gmt":"2026-01-19T13:03:32","slug":"laminatoi","status":"publish","type":"page","link":"https:\/\/www.chinetti.it\/it\/laminatoi\/","title":{"rendered":"Laminatoi"},"content":{"rendered":"<style class=\"custom-css\" type=\"text\/css\">.h2mineight {\nmin-height: 60px\n}<\/style>\n    <link rel=\"icon\" href=\"favicon.jpg\">\n    \n    \n    \n    \n    \n    \n    \n    \n    <script type=\"application\/ld+json\">{\n\t\t\"@context\": \"http:\/\/schema.org\",\n\t\t\"@type\": \"Organization\",\n\t\t\"name\": \"Chinetti S.n.c. macchine per oreficeria\",\n\t\t\"url\": \"https:\/\/www.chinetti.it\/laminatoi\/\",\n\t\t\"logo\": \"https:\/\/www.chinetti.it\/wp-content\/uploads\/2021\/06\/logo_chinetti3.jpg\"\n}<\/script>\n    <meta name=\"theme-color\" content=\"#478ac9\">\n    <meta property=\"og:title\" content=\"Laminatoi\">\n    <meta property=\"og:description\" content=\"La gamma di laminatoi \u00e8 in grado di soddisfare tutte le esigenze di laminazione di laboratori di piccole e medie dimensioni. Produciamo laminatoi manuali o elettrici per sola lastra o filo oppure combinati.\">\n    <meta property=\"og:type\" content=\"website\">\n    <link rel=\"canonical\" href=\"https:\/\/www.chinetti.it\/laminatoi\/\">\n  \n  \n    \n    <section class=\"u-clearfix u-palette-1-light-3 u-section-2\" id=\"carousel_444d\">\n      <div class=\"u-clearfix u-sheet u-sheet-1\">\n        <div class=\"u-clearfix u-expanded-width u-layout-wrap u-layout-wrap-1\">\n          <div class=\"u-layout\" style=\"\">\n            <div class=\"u-layout-row\" style=\"\">\n              <div class=\"u-container-style u-layout-cell u-left-cell u-size-30 u-white u-layout-cell-1\">\n                <div class=\"u-container-layout u-valign-bottom-sm u-valign-bottom-xs u-container-layout-1\">\n                  <h1 class=\"u-custom-font u-font-roboto-condensed u-text u-text-custom-color-2 u-text-1\">LAMINATOI<\/h1>\n                  <p class=\"u-text u-text-2\">La gamma di laminatoi, articolata su modelli manuali, a motore da banco e su basamento con dimensioni cilindri da 100, 120 o 160 mm \u00e8 in grado di soddisfare tutte le esigenze di laminazione di laboratori di piccole e medie dimensioni.&nbsp;<br>Produciamo inoltre un laminatoio schiaccia-filo a rulli incisi intercambiabili per l\u2019esecuzione di incisioni su strisce di metallo, disponibile in versione manuale e motorizzata ed un laminatoio ondulafilo a quattro passi differenti.&nbsp;<br>Per primi in Italia, ormai oltre 30 anni fa, abbiamo iniziato a costruire laminatoi manuali con riduttore e rulli laterali intercambiabili scanalati per la produzione di profili mezzi-tondi o incisi per bordure.<br>La maggior parte delle lavorazioni meccaniche viene effettuata nella nostra officina, cos\u00ec da garantire qualit\u00e0 ed affidabilit\u00e0 durevoli nel tempo. \n                  <\/p>\n                <\/div>\n              <\/div>\n              <div class=\"u-container-style u-layout-cell u-right-cell u-size-30 u-white u-layout-cell-2\">\n                <div class=\"u-container-layout u-valign-bottom-sm u-container-layout-2\">\n                  <img decoding=\"async\" src=\"https:\/\/www.chinetti.it\/wp-content\/uploads\/2021\/06\/LM1602.jpg\" alt=\"\" class=\"u-image u-image-contain u-image-default u-image-1\" data-image-width=\"423\" data-image-height=\"600\">\n                  <img decoding=\"async\" src=\"https:\/\/www.chinetti.it\/wp-content\/uploads\/2021\/06\/LF120RR.jpg\" alt=\"\" class=\"u-image u-image-contain u-image-default u-image-2\" data-image-width=\"692\" data-image-height=\"600\">\n                <\/div>\n              <\/div>\n            <\/div>\n          <\/div>\n        <\/div>\n      <\/div>\n    <\/section>\n    <section class=\"u-clearfix u-palette-1-light-3 u-section-3\" id=\"sec-5730\">\n      <div class=\"u-clearfix u-sheet u-valign-middle-lg u-sheet-1\">\n        <div class=\"u-blog u-expanded-width u-blog-1 u-hidden-visibility\"  data-blog-source-type=\"Custom\" data-blog-source=\"Laminatoi\" data-max-items=\"5\" data-site-sorting-prop=\"created\" data-site-sorting-order=\"desc\">\n          <div class=\"u-list-control\"><\/div>\n          <div class=\"u-repeater u-repeater-1\">\n            <div class=\"u-align-left u-blog-post u-container-align-left u-container-style u-repeater-item u-white u-repeater-item-1\">\n              <div class=\"u-container-layout u-similar-container u-container-layout-1\"><a class=\"u-align-center-lg u-align-center-md u-align-center-sm u-align-center-xs u-blog-control u-image u-image-default  u-image-1\" href=\"https:\/\/www.chinetti.it\/it\/laminatoi\/laminatoio-serie-lm\/\">\n                <img decoding=\"async\" alt=\"\" class=\"u-align-center-lg u-align-center-md u-align-center-sm u-align-center-xs u-blog-control u-image u-image-default u-preserve-proportions u-image-1\" src=\"https:\/\/www.chinetti.it\/wp-content\/uploads\/2021\/05\/LM160.jpg\"><\/a>\n                <h2 class=\"h2mineight u-align-center u-blog-control u-text u-text-1\">\n                  <a class=\"u-post-header-link\" href=\"https:\/\/www.chinetti.it\/it\/laminatoi\/laminatoio-serie-lm\/\">Laminatoio serie LM<\/a>\n                <\/h2>\n                <div class=\"u-border-1 u-border-grey-dark-1 u-expanded-width u-line u-line-horizontal u-line-1\"><\/div>\n                <a href=\"https:\/\/www.chinetti.it\/it\/laminatoi\/laminatoio-serie-lm\/\" class=\"u-align-center u-blog-control u-btn u-button-style u-custom-color-2 u-hover-palette-1-base u-btn-1\">scopri di pi\u00f9\u200b<\/a>\n              <\/div>\n            <\/div>\n            <div class=\"u-align-left u-blog-post u-container-align-left u-container-style u-repeater-item u-white u-repeater-item-2\">\n              <div class=\"u-container-layout u-similar-container u-container-layout-2\"><a class=\"u-align-center-lg u-align-center-md u-align-center-sm u-align-center-xs u-blog-control u-image u-image-default  u-image-2\" href=\"https:\/\/www.chinetti.it\/it\/laminatoi\/laminatoio-a-motore-da-banco\/\">\n                <img decoding=\"async\" alt=\"laminatoio da banco\" class=\"u-align-center-lg u-align-center-md u-align-center-sm u-align-center-xs u-blog-control u-image u-image-default u-preserve-proportions u-image-2\" src=\"https:\/\/www.chinetti.it\/wp-content\/uploads\/2021\/05\/LB120LF.jpg\"><\/a>\n                <h2 class=\"h2mineight u-align-center u-blog-control u-text u-text-2\">\n                  <a class=\"u-post-header-link\" href=\"https:\/\/www.chinetti.it\/it\/laminatoi\/laminatoio-a-motore-da-banco\/\">Laminatoio a motore da banco<\/a>\n                <\/h2>\n                <div class=\"u-border-1 u-border-grey-dark-1 u-expanded-width u-line u-line-horizontal u-line-2\"><\/div>\n                <a href=\"https:\/\/www.chinetti.it\/it\/laminatoi\/laminatoio-a-motore-da-banco\/\" class=\"u-align-center u-blog-control u-btn u-button-style u-custom-color-2 u-hover-palette-1-base u-btn-2\">scopri di pi\u00f9\u200b<\/a>\n              <\/div>\n            <\/div>\n            <div class=\"u-align-left u-blog-post u-container-align-left u-container-style u-repeater-item u-white u-repeater-item-3\">\n              <div class=\"u-container-layout u-similar-container u-container-layout-3\"><a class=\"u-align-center-lg u-align-center-md u-align-center-sm u-align-center-xs u-blog-control u-image u-image-default  u-image-3\" href=\"https:\/\/www.chinetti.it\/it\/laminatoi\/laminatoi-manuali\/\">\n                <img decoding=\"async\" alt=\"\" class=\"u-align-center-lg u-align-center-md u-align-center-sm u-align-center-xs u-blog-control u-image u-image-default u-preserve-proportions u-image-3\" src=\"https:\/\/www.chinetti.it\/wp-content\/uploads\/2026\/01\/2_LF120RR.jpg\" data-image-width=\"310\" data-image-height=\"277\"><\/a>\n                <h2 class=\"h2mineight u-align-center u-blog-control u-text u-text-3\">\n                  <a class=\"u-post-header-link\" href=\"https:\/\/www.chinetti.it\/it\/laminatoi\/laminatoi-manuali\/\">Laminatoi manuali<\/a>\n                <\/h2>\n                <div class=\"u-border-1 u-border-grey-dark-1 u-expanded-width u-line u-line-horizontal u-line-3\"><\/div>\n                <a href=\"https:\/\/www.chinetti.it\/it\/laminatoi\/laminatoi-manuali\/\" class=\"u-align-center u-blog-control u-btn u-button-style u-custom-color-2 u-hover-palette-1-base u-btn-3\">scopri di pi\u00f9\u200b<\/a>\n              <\/div>\n            <\/div>\n            <div class=\"u-align-left u-blog-post u-container-align-left u-container-style u-repeater-item u-white u-repeater-item-4\">\n              <div class=\"u-container-layout u-similar-container u-container-layout-4\"><a class=\"u-align-center-lg u-align-center-md u-align-center-sm u-align-center-xs u-blog-control u-image u-image-default  u-image-4\" href=\"https:\/\/www.chinetti.it\/it\/laminatoi\/laminatoi-schiacciafilo\/\">\n                <img decoding=\"async\" alt=\"\" class=\"u-align-center-lg u-align-center-md u-align-center-sm u-align-center-xs u-blog-control u-image u-image-default u-preserve-proportions u-image-4\" src=\"https:\/\/www.chinetti.it\/wp-content\/uploads\/2021\/05\/SF60-30M-2.jpg\"><\/a>\n                <h2 class=\"h2mineight u-align-center u-blog-control u-text u-text-4\">\n                  <a class=\"u-post-header-link\" href=\"https:\/\/www.chinetti.it\/it\/laminatoi\/laminatoi-schiacciafilo\/\">Laminatoi schiacciafilo<\/a>\n                <\/h2>\n                <div class=\"u-border-1 u-border-grey-dark-1 u-expanded-width u-line u-line-horizontal u-line-4\"><\/div>\n                <a href=\"https:\/\/www.chinetti.it\/it\/laminatoi\/laminatoi-schiacciafilo\/\" class=\"u-align-center u-blog-control u-btn u-button-style u-custom-color-2 u-hover-palette-1-base u-btn-4\">scopri di pi\u00f9\u200b<\/a>\n              <\/div>\n            <\/div>\n            <div class=\"u-align-left u-blog-post u-container-align-left u-container-style u-repeater-item u-white u-repeater-item-5\">\n              <div class=\"u-container-layout u-similar-container u-container-layout-5\"><a class=\"u-align-center-lg u-align-center-md u-align-center-sm u-align-center-xs u-blog-control u-image u-image-default  u-image-5\" href=\"https:\/\/www.chinetti.it\/it\/laminatoi\/rulli-incisi\/\">\n                <img decoding=\"async\" alt=\"\" class=\"u-align-center-lg u-align-center-md u-align-center-sm u-align-center-xs u-blog-control u-image u-image-default u-preserve-proportions u-image-5\" src=\"https:\/\/www.chinetti.it\/wp-content\/uploads\/2021\/05\/ROULETTES.jpg\"><\/a>\n                <h2 class=\"h2mineight u-align-center u-blog-control u-text u-text-5\">\n                  <a class=\"u-post-header-link\" href=\"https:\/\/www.chinetti.it\/it\/laminatoi\/rulli-incisi\/\">Rulli Incisi<\/a>\n                <\/h2>\n                <div class=\"u-border-1 u-border-grey-dark-1 u-expanded-width u-line u-line-horizontal u-line-5\"><\/div>\n                <a href=\"https:\/\/www.chinetti.it\/it\/laminatoi\/rulli-incisi\/\" class=\"u-align-center u-blog-control u-btn u-button-style u-custom-color-2 u-hover-palette-1-base u-btn-5\">scopri di pi\u00f9\u200b<\/a>\n              <\/div>\n            <\/div>\n          <\/div>\n          <div class=\"u-list-control\"><\/div>\n        <\/div>\n      <\/div>\n    <\/section>\n    \n    \n    \n    \n  \n","protected":false},"excerpt":{"rendered":"<p>LAMINATOI La gamma di laminatoi, articolata su modelli manuali, a motore da banco e su basamento con dimensioni cilindri da 100, 120 o 160 mm \u00e8 in grado di soddisfare tutte le esigenze di laminazione di laboratori di piccole e medie dimensioni.&nbsp;Produciamo inoltre un laminatoio schiaccia-filo a rulli incisi intercambiabili per l\u2019esecuzione di incisioni su &hellip; <a href=\"https:\/\/www.chinetti.it\/it\/laminatoi\/\" class=\"more-link\">Continue reading<span class=\"screen-reader-text\"> &#8220;Laminatoi&#8221;<\/span><\/a><\/p>\n","protected":false},"author":1,"featured_media":0,"parent":0,"menu_order":7,"comment_status":"closed","ping_status":"closed","template":"","meta":{"footnotes":""},"class_list":["post-3167","page","type-page","status-publish","hentry"],"_links":{"self":[{"href":"https:\/\/www.chinetti.it\/it\/wp-json\/wp\/v2\/pages\/3167","targetHints":{"allow":["GET"]}}],"collection":[{"href":"https:\/\/www.chinetti.it\/it\/wp-json\/wp\/v2\/pages"}],"about":[{"href":"https:\/\/www.chinetti.it\/it\/wp-json\/wp\/v2\/types\/page"}],"author":[{"embeddable":true,"href":"https:\/\/www.chinetti.it\/it\/wp-json\/wp\/v2\/users\/1"}],"replies":[{"embeddable":true,"href":"https:\/\/www.chinetti.it\/it\/wp-json\/wp\/v2\/comments?post=3167"}],"version-history":[{"count":12,"href":"https:\/\/www.chinetti.it\/it\/wp-json\/wp\/v2\/pages\/3167\/revisions"}],"predecessor-version":[{"id":3994,"href":"https:\/\/www.chinetti.it\/it\/wp-json\/wp\/v2\/pages\/3167\/revisions\/3994"}],"wp:attachment":[{"href":"https:\/\/www.chinetti.it\/it\/wp-json\/wp\/v2\/media?parent=3167"}],"curies":[{"name":"wp","href":"https:\/\/api.w.org\/{rel}","templated":true}]}}